{"id":4802,"date":"2022-11-03T19:58:09","date_gmt":"2022-11-03T19:58:09","guid":{"rendered":"https:\/\/opstaging.3lanemarketing.com\/?page_id=4761"},"modified":"2022-11-07T20:58:38","modified_gmt":"2022-11-07T20:58:38","slug":"subscribe","status":"publish","type":"page","link":"https:\/\/oceanpanel.org\/fr\/subscribe\/","title":{"rendered":"S&#039;abonner"},"content":{"rendered":"<p>Inscrivez-vous pour recevoir les derni\u00e8res nouvelles, id\u00e9es et publications du Groupe de haut niveau pour une \u00e9conomie oc\u00e9anique durable.<\/p>","protected":false},"excerpt":{"rendered":"<p>Inscrivez-vous pour recevoir les derni\u00e8res nouvelles, id\u00e9es et publications du Groupe de haut niveau pour une \u00e9conomie oc\u00e9anique durable.<\/p>","protected":false},"author":4,"featured_media":4803,"parent":0,"menu_order":0,"comment_status":"closed","ping_status":"closed","template":"page-subscribe.php","meta":{"_acf_changed":false,"inline_featured_image":false,"footnotes":""},"class_list":["post-4802","page","type-page","status-publish","has-post-thumbnail","hentry"],"acf":[],"yoast_head":"<!-- This site is optimized with the Yoast SEO plugin v25.9 - https:\/\/yoast.com\/wordpress\/plugins\/seo\/ -->\n<title>&quot;Stay Updated - Subscribe for News from Ocean Panel&quot;<\/title>\n<meta name=\"description\" content=\"&quot;Join the High Level Panel for a Sustainable Ocean Economy! Subscribe now for the latest news, insights, and publications delivered straight to your inbox.&quot;\" \/>\n<meta name=\"robots\" content=\"index, follow, max-snippet:-1, max-image-preview:large, max-video-preview:-1\" \/>\n<link rel=\"canonical\" href=\"https:\/\/oceanpanel.org\/fr\/subscribe\/\" \/>\n<meta property=\"og:locale\" content=\"fr_FR\" \/>\n<meta property=\"og:type\" content=\"article\" \/>\n<meta property=\"og:title\" content=\"&quot;Stay Updated - Subscribe for News from Ocean Panel&quot;\" \/>\n<meta property=\"og:description\" content=\"&quot;Join the High Level Panel for a Sustainable Ocean Economy! Subscribe now for the latest news, insights, and publications delivered straight to your inbox.&quot;\" \/>\n<meta property=\"og:url\" content=\"https:\/\/oceanpanel.org\/fr\/subscribe\/\" \/>\n<meta property=\"og:site_name\" content=\"Ocean Panel\" \/>\n<meta property=\"article:modified_time\" content=\"2022-11-07T20:58:38+00:00\" \/>\n<meta property=\"og:image\" content=\"https:\/\/oceanpanel.org\/wp-content\/uploads\/2022\/11\/At-a-Glance-8-scaled-1.jpeg\" \/>\n\t<meta property=\"og:image:width\" content=\"1938\" \/>\n\t<meta property=\"og:image:height\" content=\"2560\" \/>\n\t<meta property=\"og:image:type\" content=\"image\/jpeg\" \/>\n<meta name=\"twitter:card\" content=\"summary_large_image\" \/>\n<meta name=\"twitter:image\" content=\"https:\/\/oceanpanel.org\/wp-content\/themes\/wrioceanpanel\/images\/Twitter-Social.jpg\" \/>\n<script type=\"application\/ld+json\" class=\"yoast-schema-graph\">{\"@context\":\"https:\/\/schema.org\",\"@graph\":[{\"@type\":\"WebPage\",\"@id\":\"https:\/\/oceanpanel.org\/subscribe\/\",\"url\":\"https:\/\/oceanpanel.org\/subscribe\/\",\"name\":\"\\\"Stay Updated - Subscribe for News from Ocean Panel\\\"\",\"isPartOf\":{\"@id\":\"https:\/\/oceanpanel.org\/zh\/#website\"},\"primaryImageOfPage\":{\"@id\":\"https:\/\/oceanpanel.org\/subscribe\/#primaryimage\"},\"image\":{\"@id\":\"https:\/\/oceanpanel.org\/subscribe\/#primaryimage\"},\"thumbnailUrl\":\"https:\/\/oceanpanel.org\/wp-content\/uploads\/2022\/11\/At-a-Glance-8-scaled-1.jpeg\",\"datePublished\":\"2022-11-03T19:58:09+00:00\",\"dateModified\":\"2022-11-07T20:58:38+00:00\",\"description\":\"\\\"Join the High Level Panel for a Sustainable Ocean Economy! Subscribe now for the latest news, insights, and publications delivered straight to your inbox.\\\"\",\"breadcrumb\":{\"@id\":\"https:\/\/oceanpanel.org\/subscribe\/#breadcrumb\"},\"inLanguage\":\"fr-FR\",\"potentialAction\":[{\"@type\":\"ReadAction\",\"target\":[\"https:\/\/oceanpanel.org\/subscribe\/\"]}]},{\"@type\":\"ImageObject\",\"inLanguage\":\"fr-FR\",\"@id\":\"https:\/\/oceanpanel.org\/subscribe\/#primaryimage\",\"url\":\"https:\/\/oceanpanel.org\/wp-content\/uploads\/2022\/11\/At-a-Glance-8-scaled-1.jpeg\",\"contentUrl\":\"https:\/\/oceanpanel.org\/wp-content\/uploads\/2022\/11\/At-a-Glance-8-scaled-1.jpeg\",\"width\":1938,\"height\":2560,\"caption\":\"A turtle in the sea\"},{\"@type\":\"BreadcrumbList\",\"@id\":\"https:\/\/oceanpanel.org\/subscribe\/#breadcrumb\",\"itemListElement\":[{\"@type\":\"ListItem\",\"position\":1,\"name\":\"Home\",\"item\":\"https:\/\/oceanpanel.org\/\"},{\"@type\":\"ListItem\",\"position\":2,\"name\":\"Subscribe\"}]},{\"@type\":\"WebSite\",\"@id\":\"https:\/\/oceanpanel.org\/zh\/#website\",\"url\":\"https:\/\/oceanpanel.org\/zh\/\",\"name\":\"Ocean Panel\",\"description\":\"High level panel for a sustainable ocean economy\",\"publisher\":{\"@id\":\"https:\/\/oceanpanel.org\/zh\/#organization\"},\"potentialAction\":[{\"@type\":\"SearchAction\",\"target\":{\"@type\":\"EntryPoint\",\"urlTemplate\":\"https:\/\/oceanpanel.org\/zh\/?s={search_term_string}\"},\"query-input\":{\"@type\":\"PropertyValueSpecification\",\"valueRequired\":true,\"valueName\":\"search_term_string\"}}],\"inLanguage\":\"fr-FR\"},{\"@type\":\"Organization\",\"@id\":\"https:\/\/oceanpanel.org\/zh\/#organization\",\"name\":\"Ocean Panel\",\"url\":\"https:\/\/oceanpanel.org\/zh\/\",\"logo\":{\"@type\":\"ImageObject\",\"inLanguage\":\"fr-FR\",\"@id\":\"https:\/\/oceanpanel.org\/zh\/#\/schema\/logo\/image\/\",\"url\":\"https:\/\/oceanpanel.org\/wp-content\/uploads\/2024\/02\/logo-2.svg\",\"contentUrl\":\"https:\/\/oceanpanel.org\/wp-content\/uploads\/2024\/02\/logo-2.svg\",\"width\":278,\"height\":84,\"caption\":\"Ocean Panel\"},\"image\":{\"@id\":\"https:\/\/oceanpanel.org\/zh\/#\/schema\/logo\/image\/\"}}]}<\/script>\n<!-- \/ Yoast SEO plugin. -->","yoast_head_json":{"title":"\"Stay Updated - Subscribe for News from Ocean Panel\"","description":"\"Join the High Level Panel for a Sustainable Ocean Economy! Subscribe now for the latest news, insights, and publications delivered straight to your inbox.\"","robots":{"index":"index","follow":"follow","max-snippet":"max-snippet:-1","max-image-preview":"max-image-preview:large","max-video-preview":"max-video-preview:-1"},"canonical":"https:\/\/oceanpanel.org\/fr\/subscribe\/","og_locale":"fr_FR","og_type":"article","og_title":"\"Stay Updated - Subscribe for News from Ocean Panel\"","og_description":"\"Join the High Level Panel for a Sustainable Ocean Economy! Subscribe now for the latest news, insights, and publications delivered straight to your inbox.\"","og_url":"https:\/\/oceanpanel.org\/fr\/subscribe\/","og_site_name":"Ocean Panel","article_modified_time":"2022-11-07T20:58:38+00:00","og_image":[{"width":1938,"height":2560,"url":"https:\/\/oceanpanel.org\/wp-content\/uploads\/2022\/11\/At-a-Glance-8-scaled-1.jpeg","type":"image\/jpeg"}],"twitter_card":"summary_large_image","twitter_image":"https:\/\/oceanpanel.org\/wp-content\/themes\/wrioceanpanel\/images\/Twitter-Social.jpg","schema":{"@context":"https:\/\/schema.org","@graph":[{"@type":"WebPage","@id":"https:\/\/oceanpanel.org\/subscribe\/","url":"https:\/\/oceanpanel.org\/subscribe\/","name":"\"Stay Updated - Subscribe for News from Ocean Panel\"","isPartOf":{"@id":"https:\/\/oceanpanel.org\/zh\/#website"},"primaryImageOfPage":{"@id":"https:\/\/oceanpanel.org\/subscribe\/#primaryimage"},"image":{"@id":"https:\/\/oceanpanel.org\/subscribe\/#primaryimage"},"thumbnailUrl":"https:\/\/oceanpanel.org\/wp-content\/uploads\/2022\/11\/At-a-Glance-8-scaled-1.jpeg","datePublished":"2022-11-03T19:58:09+00:00","dateModified":"2022-11-07T20:58:38+00:00","description":"\"Join the High Level Panel for a Sustainable Ocean Economy! Subscribe now for the latest news, insights, and publications delivered straight to your inbox.\"","breadcrumb":{"@id":"https:\/\/oceanpanel.org\/subscribe\/#breadcrumb"},"inLanguage":"fr-FR","potentialAction":[{"@type":"ReadAction","target":["https:\/\/oceanpanel.org\/subscribe\/"]}]},{"@type":"ImageObject","inLanguage":"fr-FR","@id":"https:\/\/oceanpanel.org\/subscribe\/#primaryimage","url":"https:\/\/oceanpanel.org\/wp-content\/uploads\/2022\/11\/At-a-Glance-8-scaled-1.jpeg","contentUrl":"https:\/\/oceanpanel.org\/wp-content\/uploads\/2022\/11\/At-a-Glance-8-scaled-1.jpeg","width":1938,"height":2560,"caption":"A turtle in the sea"},{"@type":"BreadcrumbList","@id":"https:\/\/oceanpanel.org\/subscribe\/#breadcrumb","itemListElement":[{"@type":"ListItem","position":1,"name":"Home","item":"https:\/\/oceanpanel.org\/"},{"@type":"ListItem","position":2,"name":"Subscribe"}]},{"@type":"WebSite","@id":"https:\/\/oceanpanel.org\/zh\/#website","url":"https:\/\/oceanpanel.org\/zh\/","name":"Panneau Oc\u00e9an","description":"Panel de haut niveau pour une \u00e9conomie oc\u00e9anique durable","publisher":{"@id":"https:\/\/oceanpanel.org\/zh\/#organization"},"potentialAction":[{"@type":"SearchAction","target":{"@type":"EntryPoint","urlTemplate":"https:\/\/oceanpanel.org\/zh\/?s={search_term_string}"},"query-input":{"@type":"PropertyValueSpecification","valueRequired":true,"valueName":"search_term_string"}}],"inLanguage":"fr-FR"},{"@type":"Organization","@id":"https:\/\/oceanpanel.org\/zh\/#organization","name":"Panneau Oc\u00e9an","url":"https:\/\/oceanpanel.org\/zh\/","logo":{"@type":"ImageObject","inLanguage":"fr-FR","@id":"https:\/\/oceanpanel.org\/zh\/#\/schema\/logo\/image\/","url":"https:\/\/oceanpanel.org\/wp-content\/uploads\/2024\/02\/logo-2.svg","contentUrl":"https:\/\/oceanpanel.org\/wp-content\/uploads\/2024\/02\/logo-2.svg","width":278,"height":84,"caption":"Ocean Panel"},"image":{"@id":"https:\/\/oceanpanel.org\/zh\/#\/schema\/logo\/image\/"}}]}},"_links":{"self":[{"href":"https:\/\/oceanpanel.org\/fr\/wp-json\/wp\/v2\/pages\/4802","targetHints":{"allow":["GET"]}}],"collection":[{"href":"https:\/\/oceanpanel.org\/fr\/wp-json\/wp\/v2\/pages"}],"about":[{"href":"https:\/\/oceanpanel.org\/fr\/wp-json\/wp\/v2\/types\/page"}],"author":[{"embeddable":true,"href":"https:\/\/oceanpanel.org\/fr\/wp-json\/wp\/v2\/users\/4"}],"replies":[{"embeddable":true,"href":"https:\/\/oceanpanel.org\/fr\/wp-json\/wp\/v2\/comments?post=4802"}],"version-history":[{"count":1,"href":"https:\/\/oceanpanel.org\/fr\/wp-json\/wp\/v2\/pages\/4802\/revisions"}],"predecessor-version":[{"id":4804,"href":"https:\/\/oceanpanel.org\/fr\/wp-json\/wp\/v2\/pages\/4802\/revisions\/4804"}],"wp:featuredmedia":[{"embeddable":true,"href":"https:\/\/oceanpanel.org\/fr\/wp-json\/wp\/v2\/media\/4803"}],"wp:attachment":[{"href":"https:\/\/oceanpanel.org\/fr\/wp-json\/wp\/v2\/media?parent=4802"}],"curies":[{"name":"wp","href":"https:\/\/api.w.org\/{rel}","templated":true}]}}