{"id":3837,"date":"2022-06-18T13:42:28","date_gmt":"2022-06-18T13:42:28","guid":{"rendered":"https:\/\/oceanpanel.org\/?page_id=3837"},"modified":"2022-10-30T05:24:59","modified_gmt":"2022-10-30T05:24:59","slug":"approach","status":"publish","type":"page","link":"https:\/\/oceanpanel.org\/fr\/approach\/","title":{"rendered":"Une approche 100%"},"content":{"rendered":"","protected":false},"excerpt":{"rendered":"","protected":false},"author":2,"featured_media":3838,"parent":0,"menu_order":0,"comment_status":"closed","ping_status":"closed","template":"","meta":{"_acf_changed":false,"inline_featured_image":false,"footnotes":""},"class_list":["post-3837","page","type-page","status-publish","has-post-thumbnail","hentry"],"acf":[],"yoast_head":"<!-- This site is optimized with the Yoast SEO plugin v25.9 - https:\/\/yoast.com\/wordpress\/plugins\/seo\/ -->\n<title>&quot;Achieving a 100% Approach to Success - Ocean Panel&quot;<\/title>\n<meta name=\"description\" content=\"Join us in the commitment to sustainably manage 100% of ocean areas under national jurisdiction by 2025. Together, we can protect our oceans for the future!\" \/>\n<meta name=\"robots\" content=\"index, follow, max-snippet:-1, max-image-preview:large, max-video-preview:-1\" \/>\n<link rel=\"canonical\" href=\"https:\/\/oceanpanel.org\/fr\/approach\/\" \/>\n<meta property=\"og:locale\" content=\"fr_FR\" \/>\n<meta property=\"og:type\" content=\"article\" \/>\n<meta property=\"og:title\" content=\"&quot;Achieving a 100% Approach to Success - Ocean Panel&quot;\" \/>\n<meta property=\"og:description\" content=\"Join us in the commitment to sustainably manage 100% of ocean areas under national jurisdiction by 2025. Together, we can protect our oceans for the future!\" \/>\n<meta property=\"og:url\" content=\"https:\/\/oceanpanel.org\/fr\/approach\/\" \/>\n<meta property=\"og:site_name\" content=\"Ocean Panel\" \/>\n<meta property=\"article:modified_time\" content=\"2022-10-30T05:24:59+00:00\" \/>\n<meta property=\"og:image\" content=\"https:\/\/oceanpanel.org\/wp-content\/uploads\/2022\/06\/sea-life-2022-03-31-10-14-22-utc.jpg\" \/>\n\t<meta property=\"og:image:width\" content=\"1560\" \/>\n\t<meta property=\"og:image:height\" content=\"608\" \/>\n\t<meta property=\"og:image:type\" content=\"image\/jpeg\" \/>\n<meta name=\"twitter:card\" content=\"summary_large_image\" \/>\n<meta name=\"twitter:image\" content=\"https:\/\/oceanpanel.org\/wp-content\/themes\/wrioceanpanel\/images\/Twitter-Social.jpg\" \/>\n<script type=\"application\/ld+json\" class=\"yoast-schema-graph\">{\"@context\":\"https:\/\/schema.org\",\"@graph\":[{\"@type\":\"WebPage\",\"@id\":\"https:\/\/oceanpanel.org\/approach\/\",\"url\":\"https:\/\/oceanpanel.org\/approach\/\",\"name\":\"\\\"Achieving a 100% Approach to Success - Ocean Panel\\\"\",\"isPartOf\":{\"@id\":\"https:\/\/oceanpanel.org\/zh\/#website\"},\"primaryImageOfPage\":{\"@id\":\"https:\/\/oceanpanel.org\/approach\/#primaryimage\"},\"image\":{\"@id\":\"https:\/\/oceanpanel.org\/approach\/#primaryimage\"},\"thumbnailUrl\":\"https:\/\/oceanpanel.org\/wp-content\/uploads\/2022\/06\/sea-life-2022-03-31-10-14-22-utc.jpg\",\"datePublished\":\"2022-06-18T13:42:28+00:00\",\"dateModified\":\"2022-10-30T05:24:59+00:00\",\"description\":\"Join us in the commitment to sustainably manage 100% of ocean areas under national jurisdiction by 2025. Together, we can protect our oceans for the future!\",\"breadcrumb\":{\"@id\":\"https:\/\/oceanpanel.org\/approach\/#breadcrumb\"},\"inLanguage\":\"fr-FR\",\"potentialAction\":[{\"@type\":\"ReadAction\",\"target\":[\"https:\/\/oceanpanel.org\/approach\/\"]}]},{\"@type\":\"ImageObject\",\"inLanguage\":\"fr-FR\",\"@id\":\"https:\/\/oceanpanel.org\/approach\/#primaryimage\",\"url\":\"https:\/\/oceanpanel.org\/wp-content\/uploads\/2022\/06\/sea-life-2022-03-31-10-14-22-utc.jpg\",\"contentUrl\":\"https:\/\/oceanpanel.org\/wp-content\/uploads\/2022\/06\/sea-life-2022-03-31-10-14-22-utc.jpg\",\"width\":1560,\"height\":608,\"caption\":\"A rocky shoreline covered with clusters of mussels, with waves gently crashing in the background and a forested cliff in the distance.\"},{\"@type\":\"BreadcrumbList\",\"@id\":\"https:\/\/oceanpanel.org\/approach\/#breadcrumb\",\"itemListElement\":[{\"@type\":\"ListItem\",\"position\":1,\"name\":\"Home\",\"item\":\"https:\/\/oceanpanel.org\/es\/\"},{\"@type\":\"ListItem\",\"position\":2,\"name\":\"A 100% Approach\"}]},{\"@type\":\"WebSite\",\"@id\":\"https:\/\/oceanpanel.org\/zh\/#website\",\"url\":\"https:\/\/oceanpanel.org\/zh\/\",\"name\":\"Ocean Panel\",\"description\":\"High level panel for a sustainable ocean economy\",\"publisher\":{\"@id\":\"https:\/\/oceanpanel.org\/zh\/#organization\"},\"potentialAction\":[{\"@type\":\"SearchAction\",\"target\":{\"@type\":\"EntryPoint\",\"urlTemplate\":\"https:\/\/oceanpanel.org\/zh\/?s={search_term_string}\"},\"query-input\":{\"@type\":\"PropertyValueSpecification\",\"valueRequired\":true,\"valueName\":\"search_term_string\"}}],\"inLanguage\":\"fr-FR\"},{\"@type\":\"Organization\",\"@id\":\"https:\/\/oceanpanel.org\/zh\/#organization\",\"name\":\"Ocean Panel\",\"url\":\"https:\/\/oceanpanel.org\/zh\/\",\"logo\":{\"@type\":\"ImageObject\",\"inLanguage\":\"fr-FR\",\"@id\":\"https:\/\/oceanpanel.org\/zh\/#\/schema\/logo\/image\/\",\"url\":\"https:\/\/oceanpanel.org\/wp-content\/uploads\/2024\/02\/logo-2.svg\",\"contentUrl\":\"https:\/\/oceanpanel.org\/wp-content\/uploads\/2024\/02\/logo-2.svg\",\"width\":278,\"height\":84,\"caption\":\"Ocean Panel\"},\"image\":{\"@id\":\"https:\/\/oceanpanel.org\/zh\/#\/schema\/logo\/image\/\"}}]}<\/script>\n<!-- \/ Yoast SEO plugin. -->","yoast_head_json":{"title":"\"Achieving a 100% Approach to Success - Ocean Panel\"","description":"Join us in the commitment to sustainably manage 100% of ocean areas under national jurisdiction by 2025. Together, we can protect our oceans for the future!","robots":{"index":"index","follow":"follow","max-snippet":"max-snippet:-1","max-image-preview":"max-image-preview:large","max-video-preview":"max-video-preview:-1"},"canonical":"https:\/\/oceanpanel.org\/fr\/approach\/","og_locale":"fr_FR","og_type":"article","og_title":"\"Achieving a 100% Approach to Success - Ocean Panel\"","og_description":"Join us in the commitment to sustainably manage 100% of ocean areas under national jurisdiction by 2025. Together, we can protect our oceans for the future!","og_url":"https:\/\/oceanpanel.org\/fr\/approach\/","og_site_name":"Ocean Panel","article_modified_time":"2022-10-30T05:24:59+00:00","og_image":[{"width":1560,"height":608,"url":"https:\/\/oceanpanel.org\/wp-content\/uploads\/2022\/06\/sea-life-2022-03-31-10-14-22-utc.jpg","type":"image\/jpeg"}],"twitter_card":"summary_large_image","twitter_image":"https:\/\/oceanpanel.org\/wp-content\/themes\/wrioceanpanel\/images\/Twitter-Social.jpg","schema":{"@context":"https:\/\/schema.org","@graph":[{"@type":"WebPage","@id":"https:\/\/oceanpanel.org\/approach\/","url":"https:\/\/oceanpanel.org\/approach\/","name":"\"Achieving a 100% Approach to Success - Ocean Panel\"","isPartOf":{"@id":"https:\/\/oceanpanel.org\/zh\/#website"},"primaryImageOfPage":{"@id":"https:\/\/oceanpanel.org\/approach\/#primaryimage"},"image":{"@id":"https:\/\/oceanpanel.org\/approach\/#primaryimage"},"thumbnailUrl":"https:\/\/oceanpanel.org\/wp-content\/uploads\/2022\/06\/sea-life-2022-03-31-10-14-22-utc.jpg","datePublished":"2022-06-18T13:42:28+00:00","dateModified":"2022-10-30T05:24:59+00:00","description":"Join us in the commitment to sustainably manage 100% of ocean areas under national jurisdiction by 2025. Together, we can protect our oceans for the future!","breadcrumb":{"@id":"https:\/\/oceanpanel.org\/approach\/#breadcrumb"},"inLanguage":"fr-FR","potentialAction":[{"@type":"ReadAction","target":["https:\/\/oceanpanel.org\/approach\/"]}]},{"@type":"ImageObject","inLanguage":"fr-FR","@id":"https:\/\/oceanpanel.org\/approach\/#primaryimage","url":"https:\/\/oceanpanel.org\/wp-content\/uploads\/2022\/06\/sea-life-2022-03-31-10-14-22-utc.jpg","contentUrl":"https:\/\/oceanpanel.org\/wp-content\/uploads\/2022\/06\/sea-life-2022-03-31-10-14-22-utc.jpg","width":1560,"height":608,"caption":"A rocky shoreline covered with clusters of mussels, with waves gently crashing in the background and a forested cliff in the distance."},{"@type":"BreadcrumbList","@id":"https:\/\/oceanpanel.org\/approach\/#breadcrumb","itemListElement":[{"@type":"ListItem","position":1,"name":"Home","item":"https:\/\/oceanpanel.org\/es\/"},{"@type":"ListItem","position":2,"name":"A 100% Approach"}]},{"@type":"WebSite","@id":"https:\/\/oceanpanel.org\/zh\/#website","url":"https:\/\/oceanpanel.org\/zh\/","name":"Panneau Oc\u00e9an","description":"Panel de haut niveau pour une \u00e9conomie oc\u00e9anique durable","publisher":{"@id":"https:\/\/oceanpanel.org\/zh\/#organization"},"potentialAction":[{"@type":"SearchAction","target":{"@type":"EntryPoint","urlTemplate":"https:\/\/oceanpanel.org\/zh\/?s={search_term_string}"},"query-input":{"@type":"PropertyValueSpecification","valueRequired":true,"valueName":"search_term_string"}}],"inLanguage":"fr-FR"},{"@type":"Organization","@id":"https:\/\/oceanpanel.org\/zh\/#organization","name":"Panneau Oc\u00e9an","url":"https:\/\/oceanpanel.org\/zh\/","logo":{"@type":"ImageObject","inLanguage":"fr-FR","@id":"https:\/\/oceanpanel.org\/zh\/#\/schema\/logo\/image\/","url":"https:\/\/oceanpanel.org\/wp-content\/uploads\/2024\/02\/logo-2.svg","contentUrl":"https:\/\/oceanpanel.org\/wp-content\/uploads\/2024\/02\/logo-2.svg","width":278,"height":84,"caption":"Ocean Panel"},"image":{"@id":"https:\/\/oceanpanel.org\/zh\/#\/schema\/logo\/image\/"}}]}},"_links":{"self":[{"href":"https:\/\/oceanpanel.org\/fr\/wp-json\/wp\/v2\/pages\/3837","targetHints":{"allow":["GET"]}}],"collection":[{"href":"https:\/\/oceanpanel.org\/fr\/wp-json\/wp\/v2\/pages"}],"about":[{"href":"https:\/\/oceanpanel.org\/fr\/wp-json\/wp\/v2\/types\/page"}],"author":[{"embeddable":true,"href":"https:\/\/oceanpanel.org\/fr\/wp-json\/wp\/v2\/users\/2"}],"replies":[{"embeddable":true,"href":"https:\/\/oceanpanel.org\/fr\/wp-json\/wp\/v2\/comments?post=3837"}],"version-history":[{"count":7,"href":"https:\/\/oceanpanel.org\/fr\/wp-json\/wp\/v2\/pages\/3837\/revisions"}],"predecessor-version":[{"id":4441,"href":"https:\/\/oceanpanel.org\/fr\/wp-json\/wp\/v2\/pages\/3837\/revisions\/4441"}],"wp:featuredmedia":[{"embeddable":true,"href":"https:\/\/oceanpanel.org\/fr\/wp-json\/wp\/v2\/media\/3838"}],"wp:attachment":[{"href":"https:\/\/oceanpanel.org\/fr\/wp-json\/wp\/v2\/media?parent=3837"}],"curies":[{"name":"wp","href":"https:\/\/api.w.org\/{rel}","templated":true}]}}