{"id":3831,"date":"2022-06-18T13:32:11","date_gmt":"2022-06-18T13:32:11","guid":{"rendered":"https:\/\/oceanpanel.org\/?page_id=3831"},"modified":"2022-10-30T05:28:12","modified_gmt":"2022-10-30T05:28:12","slug":"introduction","status":"publish","type":"page","link":"https:\/\/oceanpanel.org\/fr\/introduction\/","title":{"rendered":"Introduction"},"content":{"rendered":"","protected":false},"excerpt":{"rendered":"","protected":false},"author":2,"featured_media":3832,"parent":0,"menu_order":0,"comment_status":"closed","ping_status":"closed","template":"","meta":{"_acf_changed":false,"inline_featured_image":false,"footnotes":""},"class_list":["post-3831","page","type-page","status-publish","has-post-thumbnail","hentry"],"acf":[],"yoast_head":"<!-- This site is optimized with the Yoast SEO plugin v25.9 - https:\/\/yoast.com\/wordpress\/plugins\/seo\/ -->\n<title>Introduction - About the Panel - Ocean Panel<\/title>\n<meta name=\"description\" content=\"The Ocean Panel aims to facilitate a better, more resilient future for people and the planet by building momentum for a sustainable ocean economy.\" \/>\n<meta name=\"robots\" content=\"index, follow, max-snippet:-1, max-image-preview:large, max-video-preview:-1\" \/>\n<link rel=\"canonical\" href=\"https:\/\/oceanpanel.org\/fr\/introduction\/\" \/>\n<meta property=\"og:locale\" content=\"fr_FR\" \/>\n<meta property=\"og:type\" content=\"article\" \/>\n<meta property=\"og:title\" content=\"Introduction - About the Panel - Ocean Panel\" \/>\n<meta property=\"og:description\" content=\"The Ocean Panel aims to facilitate a better, more resilient future for people and the planet by building momentum for a sustainable ocean economy.\" \/>\n<meta property=\"og:url\" content=\"https:\/\/oceanpanel.org\/fr\/introduction\/\" \/>\n<meta property=\"og:site_name\" content=\"Ocean Panel\" \/>\n<meta property=\"article:modified_time\" content=\"2022-10-30T05:28:12+00:00\" \/>\n<meta property=\"og:image\" content=\"https:\/\/oceanpanel.org\/wp-content\/uploads\/2022\/06\/enoplosus-armatus-underwater-close-up-view-of-tro-2021-09-03-03-12-47-utc.jpg\" \/>\n\t<meta property=\"og:image:width\" content=\"1560\" \/>\n\t<meta property=\"og:image:height\" content=\"608\" \/>\n\t<meta property=\"og:image:type\" content=\"image\/jpeg\" \/>\n<meta name=\"twitter:card\" content=\"summary_large_image\" \/>\n<meta name=\"twitter:image\" content=\"https:\/\/oceanpanel.org\/wp-content\/themes\/wrioceanpanel\/images\/Twitter-Social.jpg\" \/>\n<script type=\"application\/ld+json\" class=\"yoast-schema-graph\">{\"@context\":\"https:\/\/schema.org\",\"@graph\":[{\"@type\":\"WebPage\",\"@id\":\"https:\/\/oceanpanel.org\/introduction\/\",\"url\":\"https:\/\/oceanpanel.org\/introduction\/\",\"name\":\"Introduction - About the Panel - Ocean Panel\",\"isPartOf\":{\"@id\":\"https:\/\/oceanpanel.org\/zh\/#website\"},\"primaryImageOfPage\":{\"@id\":\"https:\/\/oceanpanel.org\/introduction\/#primaryimage\"},\"image\":{\"@id\":\"https:\/\/oceanpanel.org\/introduction\/#primaryimage\"},\"thumbnailUrl\":\"https:\/\/oceanpanel.org\/wp-content\/uploads\/2022\/06\/enoplosus-armatus-underwater-close-up-view-of-tro-2021-09-03-03-12-47-utc.jpg\",\"datePublished\":\"2022-06-18T13:32:11+00:00\",\"dateModified\":\"2022-10-30T05:28:12+00:00\",\"description\":\"The Ocean Panel aims to facilitate a better, more resilient future for people and the planet by building momentum for a sustainable ocean economy.\",\"breadcrumb\":{\"@id\":\"https:\/\/oceanpanel.org\/introduction\/#breadcrumb\"},\"inLanguage\":\"fr-FR\",\"potentialAction\":[{\"@type\":\"ReadAction\",\"target\":[\"https:\/\/oceanpanel.org\/introduction\/\"]}]},{\"@type\":\"ImageObject\",\"inLanguage\":\"fr-FR\",\"@id\":\"https:\/\/oceanpanel.org\/introduction\/#primaryimage\",\"url\":\"https:\/\/oceanpanel.org\/wp-content\/uploads\/2022\/06\/enoplosus-armatus-underwater-close-up-view-of-tro-2021-09-03-03-12-47-utc.jpg\",\"contentUrl\":\"https:\/\/oceanpanel.org\/wp-content\/uploads\/2022\/06\/enoplosus-armatus-underwater-close-up-view-of-tro-2021-09-03-03-12-47-utc.jpg\",\"width\":1560,\"height\":608,\"caption\":\"A striped fish swimming in clear water, surrounded by other fish in a blurred background.\"},{\"@type\":\"BreadcrumbList\",\"@id\":\"https:\/\/oceanpanel.org\/introduction\/#breadcrumb\",\"itemListElement\":[{\"@type\":\"ListItem\",\"position\":1,\"name\":\"Home\",\"item\":\"https:\/\/oceanpanel.org\/es\/\"},{\"@type\":\"ListItem\",\"position\":2,\"name\":\"Introduction\"}]},{\"@type\":\"WebSite\",\"@id\":\"https:\/\/oceanpanel.org\/zh\/#website\",\"url\":\"https:\/\/oceanpanel.org\/zh\/\",\"name\":\"Ocean Panel\",\"description\":\"High level panel for a sustainable ocean economy\",\"publisher\":{\"@id\":\"https:\/\/oceanpanel.org\/zh\/#organization\"},\"potentialAction\":[{\"@type\":\"SearchAction\",\"target\":{\"@type\":\"EntryPoint\",\"urlTemplate\":\"https:\/\/oceanpanel.org\/zh\/?s={search_term_string}\"},\"query-input\":{\"@type\":\"PropertyValueSpecification\",\"valueRequired\":true,\"valueName\":\"search_term_string\"}}],\"inLanguage\":\"fr-FR\"},{\"@type\":\"Organization\",\"@id\":\"https:\/\/oceanpanel.org\/zh\/#organization\",\"name\":\"Ocean Panel\",\"url\":\"https:\/\/oceanpanel.org\/zh\/\",\"logo\":{\"@type\":\"ImageObject\",\"inLanguage\":\"fr-FR\",\"@id\":\"https:\/\/oceanpanel.org\/zh\/#\/schema\/logo\/image\/\",\"url\":\"https:\/\/oceanpanel.org\/wp-content\/uploads\/2024\/02\/logo-2.svg\",\"contentUrl\":\"https:\/\/oceanpanel.org\/wp-content\/uploads\/2024\/02\/logo-2.svg\",\"width\":278,\"height\":84,\"caption\":\"Ocean Panel\"},\"image\":{\"@id\":\"https:\/\/oceanpanel.org\/zh\/#\/schema\/logo\/image\/\"}}]}<\/script>\n<!-- \/ Yoast SEO plugin. -->","yoast_head_json":{"title":"Introduction - About the Panel - Ocean Panel","description":"The Ocean Panel aims to facilitate a better, more resilient future for people and the planet by building momentum for a sustainable ocean economy.","robots":{"index":"index","follow":"follow","max-snippet":"max-snippet:-1","max-image-preview":"max-image-preview:large","max-video-preview":"max-video-preview:-1"},"canonical":"https:\/\/oceanpanel.org\/fr\/introduction\/","og_locale":"fr_FR","og_type":"article","og_title":"Introduction - About the Panel - Ocean Panel","og_description":"The Ocean Panel aims to facilitate a better, more resilient future for people and the planet by building momentum for a sustainable ocean economy.","og_url":"https:\/\/oceanpanel.org\/fr\/introduction\/","og_site_name":"Ocean Panel","article_modified_time":"2022-10-30T05:28:12+00:00","og_image":[{"width":1560,"height":608,"url":"https:\/\/oceanpanel.org\/wp-content\/uploads\/2022\/06\/enoplosus-armatus-underwater-close-up-view-of-tro-2021-09-03-03-12-47-utc.jpg","type":"image\/jpeg"}],"twitter_card":"summary_large_image","twitter_image":"https:\/\/oceanpanel.org\/wp-content\/themes\/wrioceanpanel\/images\/Twitter-Social.jpg","schema":{"@context":"https:\/\/schema.org","@graph":[{"@type":"WebPage","@id":"https:\/\/oceanpanel.org\/introduction\/","url":"https:\/\/oceanpanel.org\/introduction\/","name":"Introduction - About the Panel - Ocean Panel","isPartOf":{"@id":"https:\/\/oceanpanel.org\/zh\/#website"},"primaryImageOfPage":{"@id":"https:\/\/oceanpanel.org\/introduction\/#primaryimage"},"image":{"@id":"https:\/\/oceanpanel.org\/introduction\/#primaryimage"},"thumbnailUrl":"https:\/\/oceanpanel.org\/wp-content\/uploads\/2022\/06\/enoplosus-armatus-underwater-close-up-view-of-tro-2021-09-03-03-12-47-utc.jpg","datePublished":"2022-06-18T13:32:11+00:00","dateModified":"2022-10-30T05:28:12+00:00","description":"The Ocean Panel aims to facilitate a better, more resilient future for people and the planet by building momentum for a sustainable ocean economy.","breadcrumb":{"@id":"https:\/\/oceanpanel.org\/introduction\/#breadcrumb"},"inLanguage":"fr-FR","potentialAction":[{"@type":"ReadAction","target":["https:\/\/oceanpanel.org\/introduction\/"]}]},{"@type":"ImageObject","inLanguage":"fr-FR","@id":"https:\/\/oceanpanel.org\/introduction\/#primaryimage","url":"https:\/\/oceanpanel.org\/wp-content\/uploads\/2022\/06\/enoplosus-armatus-underwater-close-up-view-of-tro-2021-09-03-03-12-47-utc.jpg","contentUrl":"https:\/\/oceanpanel.org\/wp-content\/uploads\/2022\/06\/enoplosus-armatus-underwater-close-up-view-of-tro-2021-09-03-03-12-47-utc.jpg","width":1560,"height":608,"caption":"A striped fish swimming in clear water, surrounded by other fish in a blurred background."},{"@type":"BreadcrumbList","@id":"https:\/\/oceanpanel.org\/introduction\/#breadcrumb","itemListElement":[{"@type":"ListItem","position":1,"name":"Home","item":"https:\/\/oceanpanel.org\/es\/"},{"@type":"ListItem","position":2,"name":"Introduction"}]},{"@type":"WebSite","@id":"https:\/\/oceanpanel.org\/zh\/#website","url":"https:\/\/oceanpanel.org\/zh\/","name":"Panneau Oc\u00e9an","description":"Panel de haut niveau pour une \u00e9conomie oc\u00e9anique durable","publisher":{"@id":"https:\/\/oceanpanel.org\/zh\/#organization"},"potentialAction":[{"@type":"SearchAction","target":{"@type":"EntryPoint","urlTemplate":"https:\/\/oceanpanel.org\/zh\/?s={search_term_string}"},"query-input":{"@type":"PropertyValueSpecification","valueRequired":true,"valueName":"search_term_string"}}],"inLanguage":"fr-FR"},{"@type":"Organization","@id":"https:\/\/oceanpanel.org\/zh\/#organization","name":"Panneau Oc\u00e9an","url":"https:\/\/oceanpanel.org\/zh\/","logo":{"@type":"ImageObject","inLanguage":"fr-FR","@id":"https:\/\/oceanpanel.org\/zh\/#\/schema\/logo\/image\/","url":"https:\/\/oceanpanel.org\/wp-content\/uploads\/2024\/02\/logo-2.svg","contentUrl":"https:\/\/oceanpanel.org\/wp-content\/uploads\/2024\/02\/logo-2.svg","width":278,"height":84,"caption":"Ocean Panel"},"image":{"@id":"https:\/\/oceanpanel.org\/zh\/#\/schema\/logo\/image\/"}}]}},"_links":{"self":[{"href":"https:\/\/oceanpanel.org\/fr\/wp-json\/wp\/v2\/pages\/3831","targetHints":{"allow":["GET"]}}],"collection":[{"href":"https:\/\/oceanpanel.org\/fr\/wp-json\/wp\/v2\/pages"}],"about":[{"href":"https:\/\/oceanpanel.org\/fr\/wp-json\/wp\/v2\/types\/page"}],"author":[{"embeddable":true,"href":"https:\/\/oceanpanel.org\/fr\/wp-json\/wp\/v2\/users\/2"}],"replies":[{"embeddable":true,"href":"https:\/\/oceanpanel.org\/fr\/wp-json\/wp\/v2\/comments?post=3831"}],"version-history":[{"count":3,"href":"https:\/\/oceanpanel.org\/fr\/wp-json\/wp\/v2\/pages\/3831\/revisions"}],"predecessor-version":[{"id":3872,"href":"https:\/\/oceanpanel.org\/fr\/wp-json\/wp\/v2\/pages\/3831\/revisions\/3872"}],"wp:featuredmedia":[{"embeddable":true,"href":"https:\/\/oceanpanel.org\/fr\/wp-json\/wp\/v2\/media\/3832"}],"wp:attachment":[{"href":"https:\/\/oceanpanel.org\/fr\/wp-json\/wp\/v2\/media?parent=3831"}],"curies":[{"name":"wp","href":"https:\/\/api.w.org\/{rel}","templated":true}]}}