{"id":3527,"date":"2022-06-13T09:38:15","date_gmt":"2022-06-13T09:38:15","guid":{"rendered":"https:\/\/oceanpanel.org\/?page_id=3527"},"modified":"2022-10-30T13:06:00","modified_gmt":"2022-10-30T13:06:00","slug":"areas-of-opportunity","status":"publish","type":"page","link":"https:\/\/oceanpanel.org\/fr\/areas-of-opportunity\/","title":{"rendered":"Domaines d&#039;opportunit\u00e9"},"content":{"rendered":"","protected":false},"excerpt":{"rendered":"","protected":false},"author":2,"featured_media":3458,"parent":0,"menu_order":0,"comment_status":"closed","ping_status":"closed","template":"","meta":{"_acf_changed":false,"inline_featured_image":false,"footnotes":""},"class_list":["post-3527","page","type-page","status-publish","has-post-thumbnail","hentry"],"acf":[],"yoast_head":"<!-- This site is optimized with the Yoast SEO plugin v25.9 - https:\/\/yoast.com\/wordpress\/plugins\/seo\/ -->\n<title>&quot;Unlocking Potential: Areas of Opportunity - Ocean Panel&quot;<\/title>\n<meta name=\"description\" content=\"Ocean Panel experts and other external partners have come together to collate and collect information on different areas of opportunity.\" \/>\n<meta name=\"robots\" content=\"index, follow, max-snippet:-1, max-image-preview:large, max-video-preview:-1\" \/>\n<link rel=\"canonical\" href=\"https:\/\/oceanpanel.org\/fr\/areas-of-opportunity\/\" \/>\n<meta property=\"og:locale\" content=\"fr_FR\" \/>\n<meta property=\"og:type\" content=\"article\" \/>\n<meta property=\"og:title\" content=\"&quot;Unlocking Potential: Areas of Opportunity - Ocean Panel&quot;\" \/>\n<meta property=\"og:description\" content=\"Ocean Panel experts and other external partners have come together to collate and collect information on different areas of opportunity.\" \/>\n<meta property=\"og:url\" content=\"https:\/\/oceanpanel.org\/fr\/areas-of-opportunity\/\" \/>\n<meta property=\"og:site_name\" content=\"Ocean Panel\" \/>\n<meta property=\"article:modified_time\" content=\"2022-10-30T13:06:00+00:00\" \/>\n<meta property=\"og:image\" content=\"https:\/\/oceanpanel.org\/wp-content\/uploads\/2019\/09\/peaceful-ocean-sunset-2021-08-27-17-19-08-utc-scaled.jpg\" \/>\n\t<meta property=\"og:image:width\" content=\"2560\" \/>\n\t<meta property=\"og:image:height\" content=\"1707\" \/>\n\t<meta property=\"og:image:type\" content=\"image\/jpeg\" \/>\n<meta name=\"twitter:card\" content=\"summary_large_image\" \/>\n<meta name=\"twitter:image\" content=\"https:\/\/oceanpanel.org\/wp-content\/themes\/wrioceanpanel\/images\/Twitter-Social.jpg\" \/>\n<script type=\"application\/ld+json\" class=\"yoast-schema-graph\">{\"@context\":\"https:\/\/schema.org\",\"@graph\":[{\"@type\":\"WebPage\",\"@id\":\"https:\/\/oceanpanel.org\/areas-of-opportunity\/\",\"url\":\"https:\/\/oceanpanel.org\/areas-of-opportunity\/\",\"name\":\"\\\"Unlocking Potential: Areas of Opportunity - Ocean Panel\\\"\",\"isPartOf\":{\"@id\":\"https:\/\/oceanpanel.org\/zh\/#website\"},\"primaryImageOfPage\":{\"@id\":\"https:\/\/oceanpanel.org\/areas-of-opportunity\/#primaryimage\"},\"image\":{\"@id\":\"https:\/\/oceanpanel.org\/areas-of-opportunity\/#primaryimage\"},\"thumbnailUrl\":\"https:\/\/oceanpanel.org\/wp-content\/uploads\/2019\/09\/peaceful-ocean-sunset-2021-08-27-17-19-08-utc-scaled.jpg\",\"datePublished\":\"2022-06-13T09:38:15+00:00\",\"dateModified\":\"2022-10-30T13:06:00+00:00\",\"description\":\"Ocean Panel experts and other external partners have come together to collate and collect information on different areas of opportunity.\",\"breadcrumb\":{\"@id\":\"https:\/\/oceanpanel.org\/areas-of-opportunity\/#breadcrumb\"},\"inLanguage\":\"fr-FR\",\"potentialAction\":[{\"@type\":\"ReadAction\",\"target\":[\"https:\/\/oceanpanel.org\/areas-of-opportunity\/\"]}]},{\"@type\":\"ImageObject\",\"inLanguage\":\"fr-FR\",\"@id\":\"https:\/\/oceanpanel.org\/areas-of-opportunity\/#primaryimage\",\"url\":\"https:\/\/oceanpanel.org\/wp-content\/uploads\/2019\/09\/peaceful-ocean-sunset-2021-08-27-17-19-08-utc-scaled.jpg\",\"contentUrl\":\"https:\/\/oceanpanel.org\/wp-content\/uploads\/2019\/09\/peaceful-ocean-sunset-2021-08-27-17-19-08-utc-scaled.jpg\",\"width\":2560,\"height\":1707,\"caption\":\"Tropical beach at sunset, Sri Lanka.\"},{\"@type\":\"BreadcrumbList\",\"@id\":\"https:\/\/oceanpanel.org\/areas-of-opportunity\/#breadcrumb\",\"itemListElement\":[{\"@type\":\"ListItem\",\"position\":1,\"name\":\"Home\",\"item\":\"https:\/\/oceanpanel.org\/es\/\"},{\"@type\":\"ListItem\",\"position\":2,\"name\":\"Areas of Opportunity\"}]},{\"@type\":\"WebSite\",\"@id\":\"https:\/\/oceanpanel.org\/zh\/#website\",\"url\":\"https:\/\/oceanpanel.org\/zh\/\",\"name\":\"Ocean Panel\",\"description\":\"High level panel for a sustainable ocean economy\",\"publisher\":{\"@id\":\"https:\/\/oceanpanel.org\/zh\/#organization\"},\"potentialAction\":[{\"@type\":\"SearchAction\",\"target\":{\"@type\":\"EntryPoint\",\"urlTemplate\":\"https:\/\/oceanpanel.org\/zh\/?s={search_term_string}\"},\"query-input\":{\"@type\":\"PropertyValueSpecification\",\"valueRequired\":true,\"valueName\":\"search_term_string\"}}],\"inLanguage\":\"fr-FR\"},{\"@type\":\"Organization\",\"@id\":\"https:\/\/oceanpanel.org\/zh\/#organization\",\"name\":\"Ocean Panel\",\"url\":\"https:\/\/oceanpanel.org\/zh\/\",\"logo\":{\"@type\":\"ImageObject\",\"inLanguage\":\"fr-FR\",\"@id\":\"https:\/\/oceanpanel.org\/zh\/#\/schema\/logo\/image\/\",\"url\":\"https:\/\/oceanpanel.org\/wp-content\/uploads\/2024\/02\/logo-2.svg\",\"contentUrl\":\"https:\/\/oceanpanel.org\/wp-content\/uploads\/2024\/02\/logo-2.svg\",\"width\":278,\"height\":84,\"caption\":\"Ocean Panel\"},\"image\":{\"@id\":\"https:\/\/oceanpanel.org\/zh\/#\/schema\/logo\/image\/\"}}]}<\/script>\n<!-- \/ Yoast SEO plugin. -->","yoast_head_json":{"title":"\"Unlocking Potential: Areas of Opportunity - Ocean Panel\"","description":"Ocean Panel experts and other external partners have come together to collate and collect information on different areas of opportunity.","robots":{"index":"index","follow":"follow","max-snippet":"max-snippet:-1","max-image-preview":"max-image-preview:large","max-video-preview":"max-video-preview:-1"},"canonical":"https:\/\/oceanpanel.org\/fr\/areas-of-opportunity\/","og_locale":"fr_FR","og_type":"article","og_title":"\"Unlocking Potential: Areas of Opportunity - Ocean Panel\"","og_description":"Ocean Panel experts and other external partners have come together to collate and collect information on different areas of opportunity.","og_url":"https:\/\/oceanpanel.org\/fr\/areas-of-opportunity\/","og_site_name":"Ocean Panel","article_modified_time":"2022-10-30T13:06:00+00:00","og_image":[{"width":2560,"height":1707,"url":"https:\/\/oceanpanel.org\/wp-content\/uploads\/2019\/09\/peaceful-ocean-sunset-2021-08-27-17-19-08-utc-scaled.jpg","type":"image\/jpeg"}],"twitter_card":"summary_large_image","twitter_image":"https:\/\/oceanpanel.org\/wp-content\/themes\/wrioceanpanel\/images\/Twitter-Social.jpg","schema":{"@context":"https:\/\/schema.org","@graph":[{"@type":"WebPage","@id":"https:\/\/oceanpanel.org\/areas-of-opportunity\/","url":"https:\/\/oceanpanel.org\/areas-of-opportunity\/","name":"\"Unlocking Potential: Areas of Opportunity - Ocean Panel\"","isPartOf":{"@id":"https:\/\/oceanpanel.org\/zh\/#website"},"primaryImageOfPage":{"@id":"https:\/\/oceanpanel.org\/areas-of-opportunity\/#primaryimage"},"image":{"@id":"https:\/\/oceanpanel.org\/areas-of-opportunity\/#primaryimage"},"thumbnailUrl":"https:\/\/oceanpanel.org\/wp-content\/uploads\/2019\/09\/peaceful-ocean-sunset-2021-08-27-17-19-08-utc-scaled.jpg","datePublished":"2022-06-13T09:38:15+00:00","dateModified":"2022-10-30T13:06:00+00:00","description":"Ocean Panel experts and other external partners have come together to collate and collect information on different areas of opportunity.","breadcrumb":{"@id":"https:\/\/oceanpanel.org\/areas-of-opportunity\/#breadcrumb"},"inLanguage":"fr-FR","potentialAction":[{"@type":"ReadAction","target":["https:\/\/oceanpanel.org\/areas-of-opportunity\/"]}]},{"@type":"ImageObject","inLanguage":"fr-FR","@id":"https:\/\/oceanpanel.org\/areas-of-opportunity\/#primaryimage","url":"https:\/\/oceanpanel.org\/wp-content\/uploads\/2019\/09\/peaceful-ocean-sunset-2021-08-27-17-19-08-utc-scaled.jpg","contentUrl":"https:\/\/oceanpanel.org\/wp-content\/uploads\/2019\/09\/peaceful-ocean-sunset-2021-08-27-17-19-08-utc-scaled.jpg","width":2560,"height":1707,"caption":"Tropical beach at sunset, Sri Lanka."},{"@type":"BreadcrumbList","@id":"https:\/\/oceanpanel.org\/areas-of-opportunity\/#breadcrumb","itemListElement":[{"@type":"ListItem","position":1,"name":"Home","item":"https:\/\/oceanpanel.org\/es\/"},{"@type":"ListItem","position":2,"name":"Areas of Opportunity"}]},{"@type":"WebSite","@id":"https:\/\/oceanpanel.org\/zh\/#website","url":"https:\/\/oceanpanel.org\/zh\/","name":"Panneau Oc\u00e9an","description":"Panel de haut niveau pour une \u00e9conomie oc\u00e9anique durable","publisher":{"@id":"https:\/\/oceanpanel.org\/zh\/#organization"},"potentialAction":[{"@type":"SearchAction","target":{"@type":"EntryPoint","urlTemplate":"https:\/\/oceanpanel.org\/zh\/?s={search_term_string}"},"query-input":{"@type":"PropertyValueSpecification","valueRequired":true,"valueName":"search_term_string"}}],"inLanguage":"fr-FR"},{"@type":"Organization","@id":"https:\/\/oceanpanel.org\/zh\/#organization","name":"Panneau Oc\u00e9an","url":"https:\/\/oceanpanel.org\/zh\/","logo":{"@type":"ImageObject","inLanguage":"fr-FR","@id":"https:\/\/oceanpanel.org\/zh\/#\/schema\/logo\/image\/","url":"https:\/\/oceanpanel.org\/wp-content\/uploads\/2024\/02\/logo-2.svg","contentUrl":"https:\/\/oceanpanel.org\/wp-content\/uploads\/2024\/02\/logo-2.svg","width":278,"height":84,"caption":"Ocean Panel"},"image":{"@id":"https:\/\/oceanpanel.org\/zh\/#\/schema\/logo\/image\/"}}]}},"_links":{"self":[{"href":"https:\/\/oceanpanel.org\/fr\/wp-json\/wp\/v2\/pages\/3527","targetHints":{"allow":["GET"]}}],"collection":[{"href":"https:\/\/oceanpanel.org\/fr\/wp-json\/wp\/v2\/pages"}],"about":[{"href":"https:\/\/oceanpanel.org\/fr\/wp-json\/wp\/v2\/types\/page"}],"author":[{"embeddable":true,"href":"https:\/\/oceanpanel.org\/fr\/wp-json\/wp\/v2\/users\/2"}],"replies":[{"embeddable":true,"href":"https:\/\/oceanpanel.org\/fr\/wp-json\/wp\/v2\/comments?post=3527"}],"version-history":[{"count":7,"href":"https:\/\/oceanpanel.org\/fr\/wp-json\/wp\/v2\/pages\/3527\/revisions"}],"predecessor-version":[{"id":4389,"href":"https:\/\/oceanpanel.org\/fr\/wp-json\/wp\/v2\/pages\/3527\/revisions\/4389"}],"wp:featuredmedia":[{"embeddable":true,"href":"https:\/\/oceanpanel.org\/fr\/wp-json\/wp\/v2\/media\/3458"}],"wp:attachment":[{"href":"https:\/\/oceanpanel.org\/fr\/wp-json\/wp\/v2\/media?parent=3527"}],"curies":[{"name":"wp","href":"https:\/\/api.w.org\/{rel}","templated":true}]}}