{"id":2,"date":"2022-04-26T21:06:20","date_gmt":"2022-04-26T21:06:20","guid":{"rendered":"http:\/\/74.207.231.244\/?page_id=2"},"modified":"2026-01-28T09:55:00","modified_gmt":"2026-01-28T09:55:00","slug":"home","status":"publish","type":"page","link":"https:\/\/oceanpanel.org\/fr\/","title":{"rendered":"Domicile"},"content":{"rendered":"<p>Ceci est une page d&#039;exemple. C&#039;est diff\u00e9rent d&#039;un article de blog car il restera au m\u00eame endroit et appara\u00eetra dans la navigation de votre site (dans la plupart des th\u00e8mes). La plupart des gens commencent par une page \u00c0 propos qui les pr\u00e9sente aux visiteurs potentiels du site. Il pourrait dire quelque chose comme ceci :<\/p>\r\n\r\n\r\n\r\n<blockquote class=\"wp-block-quote is-layout-flow wp-block-quote-is-layout-flow\">\r\n<p>Hi there! I&#8217;m a bike messenger by day, aspiring actor by night, and this is my website. I live in Los Angeles, have a great dog named Jack, and I like pi\u00f1a coladas. (And gettin&#8217; caught in the rain.)<\/p>\r\n<\/blockquote>\r\n\r\n\r\n\r\n<p>\u2026ou quelque chose comme \u00e7a:<\/p>\r\n\r\n\r\n\r\n<blockquote class=\"wp-block-quote is-layout-flow wp-block-quote-is-layout-flow\">\r\n<p>La soci\u00e9t\u00e9 XYZ Doohickey a \u00e9t\u00e9 fond\u00e9e en 1971 et fournit depuis des doohickeys de qualit\u00e9 au public. Situ\u00e9 \u00e0 Gotham City, XYZ emploie plus de 2 000 personnes et fait toutes sortes de choses formidables pour la communaut\u00e9 de Gotham.<\/p>\r\n<\/blockquote>\r\n\r\n\r\n\r\n<p>En tant que nouvel utilisateur de WordPress, vous devez vous rendre sur <a href=\"http:\/\/74.207.231.244\/wp-admin\/\">votre tableau de bord<\/a> pour supprimer cette page et cr\u00e9er de nouvelles pages pour votre contenu. Amusez-vous!<\/p>","protected":false},"excerpt":{"rendered":"<p>Ceci est une page d&#039;exemple. C&#039;est diff\u00e9rent d&#039;un article de blog car il restera au m\u00eame endroit et appara\u00eetra dans la navigation de votre site (dans la plupart des th\u00e8mes). La plupart des gens commencent par une page \u00c0 propos qui les pr\u00e9sente aux visiteurs potentiels du site. Il pourrait dire quelque chose comme ceci : Bonjour ! Je suis messager \u00e0 v\u00e9lo [\u2026]<\/p>","protected":false},"author":1,"featured_media":0,"parent":0,"menu_order":0,"comment_status":"closed","ping_status":"closed","template":"","meta":{"_acf_changed":false,"inline_featured_image":false,"footnotes":""},"class_list":["post-2","page","type-page","status-publish","hentry"],"acf":[],"yoast_head":"<!-- This site is optimized with the Yoast SEO plugin v25.9 - https:\/\/yoast.com\/wordpress\/plugins\/seo\/ -->\n<title>High Level Panel for a Sustainable Ocean Economy<\/title>\n<meta name=\"description\" content=\"The High Level Panel is committed to putting sustainability at the heart of ocean management to benefit people, nature and the economy.\" \/>\n<meta name=\"robots\" content=\"index, follow, max-snippet:-1, max-image-preview:large, max-video-preview:-1\" \/>\n<link rel=\"canonical\" href=\"https:\/\/oceanpanel.org\/fr\/\" \/>\n<meta property=\"og:locale\" content=\"fr_FR\" \/>\n<meta property=\"og:type\" content=\"article\" \/>\n<meta property=\"og:title\" content=\"High Level Panel for a Sustainable Ocean Economy\" \/>\n<meta property=\"og:description\" content=\"The High Level Panel is committed to putting sustainability at the heart of ocean management to benefit people, nature and the economy.\" \/>\n<meta property=\"og:url\" content=\"https:\/\/oceanpanel.org\/fr\/\" \/>\n<meta property=\"og:site_name\" content=\"Ocean Panel\" \/>\n<meta property=\"article:modified_time\" content=\"2026-01-28T09:55:00+00:00\" \/>\n<meta property=\"og:image\" content=\"https:\/\/oceanpanel.org\/wp-content\/uploads\/2024\/11\/Facebook-Social.jpg\" \/>\n\t<meta property=\"og:image:width\" content=\"1200\" \/>\n\t<meta property=\"og:image:height\" content=\"630\" \/>\n\t<meta property=\"og:image:type\" content=\"image\/jpeg\" \/>\n<meta name=\"twitter:card\" content=\"summary_large_image\" \/>\n<meta name=\"twitter:image\" content=\"https:\/\/oceanpanel.org\/wp-content\/themes\/wrioceanpanel\/images\/Twitter-Social.jpg\" \/>\n<meta name=\"twitter:label1\" content=\"Est. reading time\" \/>\n\t<meta name=\"twitter:data1\" content=\"1 minute\" \/>\n<script type=\"application\/ld+json\" class=\"yoast-schema-graph\">{\"@context\":\"https:\/\/schema.org\",\"@graph\":[{\"@type\":\"WebPage\",\"@id\":\"https:\/\/oceanpanel.org\/es\/\",\"url\":\"https:\/\/oceanpanel.org\/es\/\",\"name\":\"High Level Panel for a Sustainable Ocean Economy\",\"isPartOf\":{\"@id\":\"https:\/\/oceanpanel.org\/zh\/#website\"},\"datePublished\":\"2022-04-26T21:06:20+00:00\",\"dateModified\":\"2026-01-28T09:55:00+00:00\",\"description\":\"The High Level Panel is committed to putting sustainability at the heart of ocean management to benefit people, nature and the economy.\",\"breadcrumb\":{\"@id\":\"https:\/\/oceanpanel.org\/es\/#breadcrumb\"},\"inLanguage\":\"fr-FR\",\"potentialAction\":[{\"@type\":\"ReadAction\",\"target\":[\"https:\/\/oceanpanel.org\/es\/\"]}]},{\"@type\":\"BreadcrumbList\",\"@id\":\"https:\/\/oceanpanel.org\/es\/#breadcrumb\",\"itemListElement\":[{\"@type\":\"ListItem\",\"position\":1,\"name\":\"Home\",\"item\":\"https:\/\/oceanpanel.org\/es\/\"},{\"@type\":\"ListItem\",\"position\":2,\"name\":\"Home\"}]},{\"@type\":\"WebSite\",\"@id\":\"https:\/\/oceanpanel.org\/zh\/#website\",\"url\":\"https:\/\/oceanpanel.org\/zh\/\",\"name\":\"Ocean Panel\",\"description\":\"High level panel for a sustainable ocean economy\",\"publisher\":{\"@id\":\"https:\/\/oceanpanel.org\/zh\/#organization\"},\"potentialAction\":[{\"@type\":\"SearchAction\",\"target\":{\"@type\":\"EntryPoint\",\"urlTemplate\":\"https:\/\/oceanpanel.org\/zh\/?s={search_term_string}\"},\"query-input\":{\"@type\":\"PropertyValueSpecification\",\"valueRequired\":true,\"valueName\":\"search_term_string\"}}],\"inLanguage\":\"fr-FR\"},{\"@type\":\"Organization\",\"@id\":\"https:\/\/oceanpanel.org\/zh\/#organization\",\"name\":\"Ocean Panel\",\"url\":\"https:\/\/oceanpanel.org\/zh\/\",\"logo\":{\"@type\":\"ImageObject\",\"inLanguage\":\"fr-FR\",\"@id\":\"https:\/\/oceanpanel.org\/zh\/#\/schema\/logo\/image\/\",\"url\":\"https:\/\/oceanpanel.org\/wp-content\/uploads\/2024\/02\/logo-2.svg\",\"contentUrl\":\"https:\/\/oceanpanel.org\/wp-content\/uploads\/2024\/02\/logo-2.svg\",\"width\":278,\"height\":84,\"caption\":\"Ocean Panel\"},\"image\":{\"@id\":\"https:\/\/oceanpanel.org\/zh\/#\/schema\/logo\/image\/\"}}]}<\/script>\n<!-- \/ Yoast SEO plugin. -->","yoast_head_json":{"title":"Panel de haut niveau pour une \u00e9conomie oc\u00e9anique durable","description":"Le Groupe de haut niveau s&#039;est engag\u00e9 \u00e0 placer la durabilit\u00e9 au c\u0153ur de la gestion des oc\u00e9ans au profit des personnes, de la nature et de l&#039;\u00e9conomie.","robots":{"index":"index","follow":"follow","max-snippet":"max-snippet:-1","max-image-preview":"max-image-preview:large","max-video-preview":"max-video-preview:-1"},"canonical":"https:\/\/oceanpanel.org\/fr\/","og_locale":"fr_FR","og_type":"article","og_title":"High Level Panel for a Sustainable Ocean Economy","og_description":"The High Level Panel is committed to putting sustainability at the heart of ocean management to benefit people, nature and the economy.","og_url":"https:\/\/oceanpanel.org\/fr\/","og_site_name":"Ocean Panel","article_modified_time":"2026-01-28T09:55:00+00:00","og_image":[{"width":1200,"height":630,"url":"https:\/\/oceanpanel.org\/wp-content\/uploads\/2024\/11\/Facebook-Social.jpg","type":"image\/jpeg"}],"twitter_card":"summary_large_image","twitter_image":"https:\/\/oceanpanel.org\/wp-content\/themes\/wrioceanpanel\/images\/Twitter-Social.jpg","twitter_misc":{"Est. reading time":"1 minute"},"schema":{"@context":"https:\/\/schema.org","@graph":[{"@type":"WebPage","@id":"https:\/\/oceanpanel.org\/es\/","url":"https:\/\/oceanpanel.org\/es\/","name":"Panel de haut niveau pour une \u00e9conomie oc\u00e9anique durable","isPartOf":{"@id":"https:\/\/oceanpanel.org\/zh\/#website"},"datePublished":"2022-04-26T21:06:20+00:00","dateModified":"2026-01-28T09:55:00+00:00","description":"Le Groupe de haut niveau s&#039;est engag\u00e9 \u00e0 placer la durabilit\u00e9 au c\u0153ur de la gestion des oc\u00e9ans au profit des personnes, de la nature et de l&#039;\u00e9conomie.","breadcrumb":{"@id":"https:\/\/oceanpanel.org\/es\/#breadcrumb"},"inLanguage":"fr-FR","potentialAction":[{"@type":"ReadAction","target":["https:\/\/oceanpanel.org\/es\/"]}]},{"@type":"BreadcrumbList","@id":"https:\/\/oceanpanel.org\/es\/#breadcrumb","itemListElement":[{"@type":"ListItem","position":1,"name":"Home","item":"https:\/\/oceanpanel.org\/es\/"},{"@type":"ListItem","position":2,"name":"Home"}]},{"@type":"WebSite","@id":"https:\/\/oceanpanel.org\/zh\/#website","url":"https:\/\/oceanpanel.org\/zh\/","name":"Panneau Oc\u00e9an","description":"Panel de haut niveau pour une \u00e9conomie oc\u00e9anique durable","publisher":{"@id":"https:\/\/oceanpanel.org\/zh\/#organization"},"potentialAction":[{"@type":"SearchAction","target":{"@type":"EntryPoint","urlTemplate":"https:\/\/oceanpanel.org\/zh\/?s={search_term_string}"},"query-input":{"@type":"PropertyValueSpecification","valueRequired":true,"valueName":"search_term_string"}}],"inLanguage":"fr-FR"},{"@type":"Organization","@id":"https:\/\/oceanpanel.org\/zh\/#organization","name":"Panneau Oc\u00e9an","url":"https:\/\/oceanpanel.org\/zh\/","logo":{"@type":"ImageObject","inLanguage":"fr-FR","@id":"https:\/\/oceanpanel.org\/zh\/#\/schema\/logo\/image\/","url":"https:\/\/oceanpanel.org\/wp-content\/uploads\/2024\/02\/logo-2.svg","contentUrl":"https:\/\/oceanpanel.org\/wp-content\/uploads\/2024\/02\/logo-2.svg","width":278,"height":84,"caption":"Ocean Panel"},"image":{"@id":"https:\/\/oceanpanel.org\/zh\/#\/schema\/logo\/image\/"}}]}},"_links":{"self":[{"href":"https:\/\/oceanpanel.org\/fr\/wp-json\/wp\/v2\/pages\/2","targetHints":{"allow":["GET"]}}],"collection":[{"href":"https:\/\/oceanpanel.org\/fr\/wp-json\/wp\/v2\/pages"}],"about":[{"href":"https:\/\/oceanpanel.org\/fr\/wp-json\/wp\/v2\/types\/page"}],"author":[{"embeddable":true,"href":"https:\/\/oceanpanel.org\/fr\/wp-json\/wp\/v2\/users\/1"}],"replies":[{"embeddable":true,"href":"https:\/\/oceanpanel.org\/fr\/wp-json\/wp\/v2\/comments?post=2"}],"version-history":[{"count":71,"href":"https:\/\/oceanpanel.org\/fr\/wp-json\/wp\/v2\/pages\/2\/revisions"}],"predecessor-version":[{"id":7812,"href":"https:\/\/oceanpanel.org\/fr\/wp-json\/wp\/v2\/pages\/2\/revisions\/7812"}],"wp:attachment":[{"href":"https:\/\/oceanpanel.org\/fr\/wp-json\/wp\/v2\/media?parent=2"}],"curies":[{"name":"wp","href":"https:\/\/api.w.org\/{rel}","templated":true}]}}