{"id":608,"date":"2022-05-19T17:32:48","date_gmt":"2022-05-19T17:32:48","guid":{"rendered":"https:\/\/oceanpanel.org\/?page_id=608"},"modified":"2025-11-18T15:25:07","modified_gmt":"2025-11-18T15:25:07","slug":"about-ocean-panel","status":"publish","type":"page","link":"https:\/\/oceanpanel.org\/es\/about-ocean-panel\/","title":{"rendered":"Acerca de Ocean Panel"},"content":{"rendered":"","protected":false},"excerpt":{"rendered":"","protected":false},"author":2,"featured_media":2324,"parent":0,"menu_order":0,"comment_status":"closed","ping_status":"closed","template":"","meta":{"_acf_changed":false,"inline_featured_image":false,"footnotes":""},"class_list":["post-608","page","type-page","status-publish","has-post-thumbnail","hentry"],"acf":[],"yoast_head":"<!-- This site is optimized with the Yoast SEO plugin v25.9 - https:\/\/yoast.com\/wordpress\/plugins\/seo\/ -->\n<title>&quot;Discover Ocean Panel: Your Guide to Sustainable Ocean Solutions&quot;<\/title>\n<meta name=\"description\" content=\"The Ocean Panel unites world leaders to drive a sustainable ocean economy, balancing protection, production, and prosperity for a resilient future.\" \/>\n<meta name=\"robots\" content=\"index, follow, max-snippet:-1, max-image-preview:large, max-video-preview:-1\" \/>\n<link rel=\"canonical\" href=\"https:\/\/oceanpanel.org\/es\/about-ocean-panel\/\" \/>\n<meta property=\"og:locale\" content=\"es_ES\" \/>\n<meta property=\"og:type\" content=\"article\" \/>\n<meta property=\"og:title\" content=\"&quot;Discover Ocean Panel: Your Guide to Sustainable Ocean Solutions&quot;\" \/>\n<meta property=\"og:description\" content=\"The Ocean Panel unites world leaders to drive a sustainable ocean economy, balancing protection, production, and prosperity for a resilient future.\" \/>\n<meta property=\"og:url\" content=\"https:\/\/oceanpanel.org\/es\/about-ocean-panel\/\" \/>\n<meta property=\"og:site_name\" content=\"Ocean Panel\" \/>\n<meta property=\"article:modified_time\" content=\"2025-11-18T15:25:07+00:00\" \/>\n<meta property=\"og:image\" content=\"https:\/\/oceanpanel.org\/wp-content\/uploads\/2021\/07\/coral-reef-scene-2022-03-07-23-52-14-utc-scaled.jpg\" \/>\n\t<meta property=\"og:image:width\" content=\"2560\" \/>\n\t<meta property=\"og:image:height\" content=\"1924\" \/>\n\t<meta property=\"og:image:type\" content=\"image\/jpeg\" \/>\n<meta name=\"twitter:card\" content=\"summary_large_image\" \/>\n<meta name=\"twitter:image\" content=\"https:\/\/oceanpanel.org\/wp-content\/themes\/wrioceanpanel\/images\/Twitter-Social.jpg\" \/>\n<meta name=\"twitter:label1\" content=\"Est. reading time\" \/>\n\t<meta name=\"twitter:data1\" content=\"1 minute\" \/>\n<script type=\"application\/ld+json\" class=\"yoast-schema-graph\">{\"@context\":\"https:\/\/schema.org\",\"@graph\":[{\"@type\":\"WebPage\",\"@id\":\"https:\/\/oceanpanel.org\/fr\/about-ocean-panel\/\",\"url\":\"https:\/\/oceanpanel.org\/fr\/about-ocean-panel\/\",\"name\":\"\\\"Discover Ocean Panel: Your Guide to Sustainable Ocean Solutions\\\"\",\"isPartOf\":{\"@id\":\"https:\/\/oceanpanel.org\/zh\/#website\"},\"primaryImageOfPage\":{\"@id\":\"https:\/\/oceanpanel.org\/fr\/about-ocean-panel\/#primaryimage\"},\"image\":{\"@id\":\"https:\/\/oceanpanel.org\/fr\/about-ocean-panel\/#primaryimage\"},\"thumbnailUrl\":\"https:\/\/oceanpanel.org\/wp-content\/uploads\/2021\/07\/coral-reef-scene-2022-03-07-23-52-14-utc-scaled.jpg\",\"datePublished\":\"2022-05-19T17:32:48+00:00\",\"dateModified\":\"2025-11-18T15:25:07+00:00\",\"description\":\"The Ocean Panel unites world leaders to drive a sustainable ocean economy, balancing protection, production, and prosperity for a resilient future.\",\"breadcrumb\":{\"@id\":\"https:\/\/oceanpanel.org\/fr\/about-ocean-panel\/#breadcrumb\"},\"inLanguage\":\"es-ES\",\"potentialAction\":[{\"@type\":\"ReadAction\",\"target\":[\"https:\/\/oceanpanel.org\/fr\/about-ocean-panel\/\"]}]},{\"@type\":\"ImageObject\",\"inLanguage\":\"es-ES\",\"@id\":\"https:\/\/oceanpanel.org\/fr\/about-ocean-panel\/#primaryimage\",\"url\":\"https:\/\/oceanpanel.org\/wp-content\/uploads\/2021\/07\/coral-reef-scene-2022-03-07-23-52-14-utc-scaled.jpg\",\"contentUrl\":\"https:\/\/oceanpanel.org\/wp-content\/uploads\/2021\/07\/coral-reef-scene-2022-03-07-23-52-14-utc-scaled.jpg\",\"width\":2560,\"height\":1924,\"caption\":\"Coral reef scene.\"},{\"@type\":\"BreadcrumbList\",\"@id\":\"https:\/\/oceanpanel.org\/fr\/about-ocean-panel\/#breadcrumb\",\"itemListElement\":[{\"@type\":\"ListItem\",\"position\":1,\"name\":\"Home\",\"item\":\"https:\/\/oceanpanel.org\/es\/\"},{\"@type\":\"ListItem\",\"position\":2,\"name\":\"About Ocean Panel\"}]},{\"@type\":\"WebSite\",\"@id\":\"https:\/\/oceanpanel.org\/zh\/#website\",\"url\":\"https:\/\/oceanpanel.org\/zh\/\",\"name\":\"Ocean Panel\",\"description\":\"High level panel for a sustainable ocean economy\",\"publisher\":{\"@id\":\"https:\/\/oceanpanel.org\/zh\/#organization\"},\"potentialAction\":[{\"@type\":\"SearchAction\",\"target\":{\"@type\":\"EntryPoint\",\"urlTemplate\":\"https:\/\/oceanpanel.org\/zh\/?s={search_term_string}\"},\"query-input\":{\"@type\":\"PropertyValueSpecification\",\"valueRequired\":true,\"valueName\":\"search_term_string\"}}],\"inLanguage\":\"es-ES\"},{\"@type\":\"Organization\",\"@id\":\"https:\/\/oceanpanel.org\/zh\/#organization\",\"name\":\"Ocean Panel\",\"url\":\"https:\/\/oceanpanel.org\/zh\/\",\"logo\":{\"@type\":\"ImageObject\",\"inLanguage\":\"es-ES\",\"@id\":\"https:\/\/oceanpanel.org\/zh\/#\/schema\/logo\/image\/\",\"url\":\"https:\/\/oceanpanel.org\/wp-content\/uploads\/2024\/02\/logo-2.svg\",\"contentUrl\":\"https:\/\/oceanpanel.org\/wp-content\/uploads\/2024\/02\/logo-2.svg\",\"width\":278,\"height\":84,\"caption\":\"Ocean Panel\"},\"image\":{\"@id\":\"https:\/\/oceanpanel.org\/zh\/#\/schema\/logo\/image\/\"}}]}<\/script>\n<!-- \/ Yoast SEO plugin. -->","yoast_head_json":{"title":"\"Discover Ocean Panel: Your Guide to Sustainable Ocean Solutions\"","description":"The Ocean Panel unites world leaders to drive a sustainable ocean economy, balancing protection, production, and prosperity for a resilient future.","robots":{"index":"index","follow":"follow","max-snippet":"max-snippet:-1","max-image-preview":"max-image-preview:large","max-video-preview":"max-video-preview:-1"},"canonical":"https:\/\/oceanpanel.org\/es\/about-ocean-panel\/","og_locale":"es_ES","og_type":"article","og_title":"\"Discover Ocean Panel: Your Guide to Sustainable Ocean Solutions\"","og_description":"The Ocean Panel unites world leaders to drive a sustainable ocean economy, balancing protection, production, and prosperity for a resilient future.","og_url":"https:\/\/oceanpanel.org\/es\/about-ocean-panel\/","og_site_name":"Ocean Panel","article_modified_time":"2025-11-18T15:25:07+00:00","og_image":[{"width":2560,"height":1924,"url":"https:\/\/oceanpanel.org\/wp-content\/uploads\/2021\/07\/coral-reef-scene-2022-03-07-23-52-14-utc-scaled.jpg","type":"image\/jpeg"}],"twitter_card":"summary_large_image","twitter_image":"https:\/\/oceanpanel.org\/wp-content\/themes\/wrioceanpanel\/images\/Twitter-Social.jpg","twitter_misc":{"Est. reading time":"1 minute"},"schema":{"@context":"https:\/\/schema.org","@graph":[{"@type":"WebPage","@id":"https:\/\/oceanpanel.org\/fr\/about-ocean-panel\/","url":"https:\/\/oceanpanel.org\/fr\/about-ocean-panel\/","name":"\"Discover Ocean Panel: Your Guide to Sustainable Ocean Solutions\"","isPartOf":{"@id":"https:\/\/oceanpanel.org\/zh\/#website"},"primaryImageOfPage":{"@id":"https:\/\/oceanpanel.org\/fr\/about-ocean-panel\/#primaryimage"},"image":{"@id":"https:\/\/oceanpanel.org\/fr\/about-ocean-panel\/#primaryimage"},"thumbnailUrl":"https:\/\/oceanpanel.org\/wp-content\/uploads\/2021\/07\/coral-reef-scene-2022-03-07-23-52-14-utc-scaled.jpg","datePublished":"2022-05-19T17:32:48+00:00","dateModified":"2025-11-18T15:25:07+00:00","description":"The Ocean Panel unites world leaders to drive a sustainable ocean economy, balancing protection, production, and prosperity for a resilient future.","breadcrumb":{"@id":"https:\/\/oceanpanel.org\/fr\/about-ocean-panel\/#breadcrumb"},"inLanguage":"es-ES","potentialAction":[{"@type":"ReadAction","target":["https:\/\/oceanpanel.org\/fr\/about-ocean-panel\/"]}]},{"@type":"ImageObject","inLanguage":"es-ES","@id":"https:\/\/oceanpanel.org\/fr\/about-ocean-panel\/#primaryimage","url":"https:\/\/oceanpanel.org\/wp-content\/uploads\/2021\/07\/coral-reef-scene-2022-03-07-23-52-14-utc-scaled.jpg","contentUrl":"https:\/\/oceanpanel.org\/wp-content\/uploads\/2021\/07\/coral-reef-scene-2022-03-07-23-52-14-utc-scaled.jpg","width":2560,"height":1924,"caption":"Coral reef scene."},{"@type":"BreadcrumbList","@id":"https:\/\/oceanpanel.org\/fr\/about-ocean-panel\/#breadcrumb","itemListElement":[{"@type":"ListItem","position":1,"name":"Home","item":"https:\/\/oceanpanel.org\/es\/"},{"@type":"ListItem","position":2,"name":"About Ocean Panel"}]},{"@type":"WebSite","@id":"https:\/\/oceanpanel.org\/zh\/#website","url":"https:\/\/oceanpanel.org\/zh\/","name":"Panel del oc\u00e9ano","description":"Panel de alto nivel para una econom\u00eda oce\u00e1nica sostenible","publisher":{"@id":"https:\/\/oceanpanel.org\/zh\/#organization"},"potentialAction":[{"@type":"SearchAction","target":{"@type":"EntryPoint","urlTemplate":"https:\/\/oceanpanel.org\/zh\/?s={search_term_string}"},"query-input":{"@type":"PropertyValueSpecification","valueRequired":true,"valueName":"search_term_string"}}],"inLanguage":"es-ES"},{"@type":"Organization","@id":"https:\/\/oceanpanel.org\/zh\/#organization","name":"Panel del oc\u00e9ano","url":"https:\/\/oceanpanel.org\/zh\/","logo":{"@type":"ImageObject","inLanguage":"es-ES","@id":"https:\/\/oceanpanel.org\/zh\/#\/schema\/logo\/image\/","url":"https:\/\/oceanpanel.org\/wp-content\/uploads\/2024\/02\/logo-2.svg","contentUrl":"https:\/\/oceanpanel.org\/wp-content\/uploads\/2024\/02\/logo-2.svg","width":278,"height":84,"caption":"Ocean Panel"},"image":{"@id":"https:\/\/oceanpanel.org\/zh\/#\/schema\/logo\/image\/"}}]}},"_links":{"self":[{"href":"https:\/\/oceanpanel.org\/es\/wp-json\/wp\/v2\/pages\/608","targetHints":{"allow":["GET"]}}],"collection":[{"href":"https:\/\/oceanpanel.org\/es\/wp-json\/wp\/v2\/pages"}],"about":[{"href":"https:\/\/oceanpanel.org\/es\/wp-json\/wp\/v2\/types\/page"}],"author":[{"embeddable":true,"href":"https:\/\/oceanpanel.org\/es\/wp-json\/wp\/v2\/users\/2"}],"replies":[{"embeddable":true,"href":"https:\/\/oceanpanel.org\/es\/wp-json\/wp\/v2\/comments?post=608"}],"version-history":[{"count":49,"href":"https:\/\/oceanpanel.org\/es\/wp-json\/wp\/v2\/pages\/608\/revisions"}],"predecessor-version":[{"id":7730,"href":"https:\/\/oceanpanel.org\/es\/wp-json\/wp\/v2\/pages\/608\/revisions\/7730"}],"wp:featuredmedia":[{"embeddable":true,"href":"https:\/\/oceanpanel.org\/es\/wp-json\/wp\/v2\/media\/2324"}],"wp:attachment":[{"href":"https:\/\/oceanpanel.org\/es\/wp-json\/wp\/v2\/media?parent=608"}],"curies":[{"name":"wp","href":"https:\/\/api.w.org\/{rel}","templated":true}]}}