{"id":516,"date":"2022-05-16T05:40:53","date_gmt":"2022-05-16T05:40:53","guid":{"rendered":"https:\/\/oceanpanel.org\/?page_id=516"},"modified":"2022-10-30T05:30:52","modified_gmt":"2022-10-30T05:30:52","slug":"privacy-policy","status":"publish","type":"page","link":"https:\/\/oceanpanel.org\/es\/privacy-policy\/","title":{"rendered":"Pol\u00edtica de privacidad"},"content":{"rendered":"","protected":false},"excerpt":{"rendered":"","protected":false},"author":1,"featured_media":0,"parent":0,"menu_order":0,"comment_status":"closed","ping_status":"closed","template":"","meta":{"_acf_changed":false,"inline_featured_image":false,"footnotes":""},"class_list":["post-516","page","type-page","status-publish","hentry"],"acf":[],"yoast_head":"<!-- This site is optimized with the Yoast SEO plugin v25.9 - https:\/\/yoast.com\/wordpress\/plugins\/seo\/ -->\n<title>&quot;Your Privacy Matters: Ocean Panel&#039;s Privacy Policy Explained&quot;<\/title>\n<meta name=\"description\" content=\"Discover how World Resources Institute (WRI) protects your privacy and handles your information through our websites and applications. Your trust matters to us!\" \/>\n<meta name=\"robots\" content=\"index, follow, max-snippet:-1, max-image-preview:large, max-video-preview:-1\" \/>\n<link rel=\"canonical\" href=\"https:\/\/oceanpanel.org\/es\/privacy-policy\/\" \/>\n<meta property=\"og:locale\" content=\"es_ES\" \/>\n<meta property=\"og:type\" content=\"article\" \/>\n<meta property=\"og:title\" content=\"&quot;Your Privacy Matters: Ocean Panel&#039;s Privacy Policy Explained&quot;\" \/>\n<meta property=\"og:description\" content=\"Discover how World Resources Institute (WRI) protects your privacy and handles your information through our websites and applications. Your trust matters to us!\" \/>\n<meta property=\"og:url\" content=\"https:\/\/oceanpanel.org\/es\/privacy-policy\/\" \/>\n<meta property=\"og:site_name\" content=\"Ocean Panel\" \/>\n<meta property=\"article:modified_time\" content=\"2022-10-30T05:30:52+00:00\" \/>\n<meta property=\"og:image\" content=\"https:\/\/oceanpanel.org\/wp-content\/uploads\/2024\/11\/Facebook-Social.jpg\" \/>\n\t<meta property=\"og:image:width\" content=\"1200\" \/>\n\t<meta property=\"og:image:height\" content=\"630\" \/>\n\t<meta property=\"og:image:type\" content=\"image\/jpeg\" \/>\n<meta name=\"twitter:card\" content=\"summary_large_image\" \/>\n<meta name=\"twitter:image\" content=\"https:\/\/oceanpanel.org\/wp-content\/themes\/wrioceanpanel\/images\/Twitter-Social.jpg\" \/>\n<script type=\"application\/ld+json\" class=\"yoast-schema-graph\">{\"@context\":\"https:\/\/schema.org\",\"@graph\":[{\"@type\":\"WebPage\",\"@id\":\"https:\/\/oceanpanel.org\/fr\/privacy-policy\/\",\"url\":\"https:\/\/oceanpanel.org\/fr\/privacy-policy\/\",\"name\":\"\\\"Your Privacy Matters: Ocean Panel's Privacy Policy Explained\\\"\",\"isPartOf\":{\"@id\":\"https:\/\/oceanpanel.org\/zh\/#website\"},\"datePublished\":\"2022-05-16T05:40:53+00:00\",\"dateModified\":\"2022-10-30T05:30:52+00:00\",\"description\":\"Discover how World Resources Institute (WRI) protects your privacy and handles your information through our websites and applications. Your trust matters to us!\",\"breadcrumb\":{\"@id\":\"https:\/\/oceanpanel.org\/fr\/privacy-policy\/#breadcrumb\"},\"inLanguage\":\"es-ES\",\"potentialAction\":[{\"@type\":\"ReadAction\",\"target\":[\"https:\/\/oceanpanel.org\/fr\/privacy-policy\/\"]}]},{\"@type\":\"BreadcrumbList\",\"@id\":\"https:\/\/oceanpanel.org\/fr\/privacy-policy\/#breadcrumb\",\"itemListElement\":[{\"@type\":\"ListItem\",\"position\":1,\"name\":\"Home\",\"item\":\"https:\/\/oceanpanel.org\/es\/\"},{\"@type\":\"ListItem\",\"position\":2,\"name\":\"Privacy Policy\"}]},{\"@type\":\"WebSite\",\"@id\":\"https:\/\/oceanpanel.org\/zh\/#website\",\"url\":\"https:\/\/oceanpanel.org\/zh\/\",\"name\":\"Ocean Panel\",\"description\":\"High level panel for a sustainable ocean economy\",\"publisher\":{\"@id\":\"https:\/\/oceanpanel.org\/zh\/#organization\"},\"potentialAction\":[{\"@type\":\"SearchAction\",\"target\":{\"@type\":\"EntryPoint\",\"urlTemplate\":\"https:\/\/oceanpanel.org\/zh\/?s={search_term_string}\"},\"query-input\":{\"@type\":\"PropertyValueSpecification\",\"valueRequired\":true,\"valueName\":\"search_term_string\"}}],\"inLanguage\":\"es-ES\"},{\"@type\":\"Organization\",\"@id\":\"https:\/\/oceanpanel.org\/zh\/#organization\",\"name\":\"Ocean Panel\",\"url\":\"https:\/\/oceanpanel.org\/zh\/\",\"logo\":{\"@type\":\"ImageObject\",\"inLanguage\":\"es-ES\",\"@id\":\"https:\/\/oceanpanel.org\/zh\/#\/schema\/logo\/image\/\",\"url\":\"https:\/\/oceanpanel.org\/wp-content\/uploads\/2024\/02\/logo-2.svg\",\"contentUrl\":\"https:\/\/oceanpanel.org\/wp-content\/uploads\/2024\/02\/logo-2.svg\",\"width\":278,\"height\":84,\"caption\":\"Ocean Panel\"},\"image\":{\"@id\":\"https:\/\/oceanpanel.org\/zh\/#\/schema\/logo\/image\/\"}}]}<\/script>\n<!-- \/ Yoast SEO plugin. -->","yoast_head_json":{"title":"\"Your Privacy Matters: Ocean Panel's Privacy Policy Explained\"","description":"Discover how World Resources Institute (WRI) protects your privacy and handles your information through our websites and applications. Your trust matters to us!","robots":{"index":"index","follow":"follow","max-snippet":"max-snippet:-1","max-image-preview":"max-image-preview:large","max-video-preview":"max-video-preview:-1"},"canonical":"https:\/\/oceanpanel.org\/es\/privacy-policy\/","og_locale":"es_ES","og_type":"article","og_title":"\"Your Privacy Matters: Ocean Panel's Privacy Policy Explained\"","og_description":"Discover how World Resources Institute (WRI) protects your privacy and handles your information through our websites and applications. Your trust matters to us!","og_url":"https:\/\/oceanpanel.org\/es\/privacy-policy\/","og_site_name":"Ocean Panel","article_modified_time":"2022-10-30T05:30:52+00:00","og_image":[{"width":1200,"height":630,"url":"https:\/\/oceanpanel.org\/wp-content\/uploads\/2024\/11\/Facebook-Social.jpg","type":"image\/jpeg"}],"twitter_card":"summary_large_image","twitter_image":"https:\/\/oceanpanel.org\/wp-content\/themes\/wrioceanpanel\/images\/Twitter-Social.jpg","schema":{"@context":"https:\/\/schema.org","@graph":[{"@type":"WebPage","@id":"https:\/\/oceanpanel.org\/fr\/privacy-policy\/","url":"https:\/\/oceanpanel.org\/fr\/privacy-policy\/","name":"\"Your Privacy Matters: Ocean Panel's Privacy Policy Explained\"","isPartOf":{"@id":"https:\/\/oceanpanel.org\/zh\/#website"},"datePublished":"2022-05-16T05:40:53+00:00","dateModified":"2022-10-30T05:30:52+00:00","description":"Discover how World Resources Institute (WRI) protects your privacy and handles your information through our websites and applications. Your trust matters to us!","breadcrumb":{"@id":"https:\/\/oceanpanel.org\/fr\/privacy-policy\/#breadcrumb"},"inLanguage":"es-ES","potentialAction":[{"@type":"ReadAction","target":["https:\/\/oceanpanel.org\/fr\/privacy-policy\/"]}]},{"@type":"BreadcrumbList","@id":"https:\/\/oceanpanel.org\/fr\/privacy-policy\/#breadcrumb","itemListElement":[{"@type":"ListItem","position":1,"name":"Home","item":"https:\/\/oceanpanel.org\/es\/"},{"@type":"ListItem","position":2,"name":"Privacy Policy"}]},{"@type":"WebSite","@id":"https:\/\/oceanpanel.org\/zh\/#website","url":"https:\/\/oceanpanel.org\/zh\/","name":"Panel del oc\u00e9ano","description":"Panel de alto nivel para una econom\u00eda oce\u00e1nica sostenible","publisher":{"@id":"https:\/\/oceanpanel.org\/zh\/#organization"},"potentialAction":[{"@type":"SearchAction","target":{"@type":"EntryPoint","urlTemplate":"https:\/\/oceanpanel.org\/zh\/?s={search_term_string}"},"query-input":{"@type":"PropertyValueSpecification","valueRequired":true,"valueName":"search_term_string"}}],"inLanguage":"es-ES"},{"@type":"Organization","@id":"https:\/\/oceanpanel.org\/zh\/#organization","name":"Panel del oc\u00e9ano","url":"https:\/\/oceanpanel.org\/zh\/","logo":{"@type":"ImageObject","inLanguage":"es-ES","@id":"https:\/\/oceanpanel.org\/zh\/#\/schema\/logo\/image\/","url":"https:\/\/oceanpanel.org\/wp-content\/uploads\/2024\/02\/logo-2.svg","contentUrl":"https:\/\/oceanpanel.org\/wp-content\/uploads\/2024\/02\/logo-2.svg","width":278,"height":84,"caption":"Ocean Panel"},"image":{"@id":"https:\/\/oceanpanel.org\/zh\/#\/schema\/logo\/image\/"}}]}},"_links":{"self":[{"href":"https:\/\/oceanpanel.org\/es\/wp-json\/wp\/v2\/pages\/516","targetHints":{"allow":["GET"]}}],"collection":[{"href":"https:\/\/oceanpanel.org\/es\/wp-json\/wp\/v2\/pages"}],"about":[{"href":"https:\/\/oceanpanel.org\/es\/wp-json\/wp\/v2\/types\/page"}],"author":[{"embeddable":true,"href":"https:\/\/oceanpanel.org\/es\/wp-json\/wp\/v2\/users\/1"}],"replies":[{"embeddable":true,"href":"https:\/\/oceanpanel.org\/es\/wp-json\/wp\/v2\/comments?post=516"}],"version-history":[{"count":11,"href":"https:\/\/oceanpanel.org\/es\/wp-json\/wp\/v2\/pages\/516\/revisions"}],"predecessor-version":[{"id":1478,"href":"https:\/\/oceanpanel.org\/es\/wp-json\/wp\/v2\/pages\/516\/revisions\/1478"}],"wp:attachment":[{"href":"https:\/\/oceanpanel.org\/es\/wp-json\/wp\/v2\/media?parent=516"}],"curies":[{"name":"wp","href":"https:\/\/api.w.org\/{rel}","templated":true}]}}