{"id":5037,"date":"2023-07-12T09:49:18","date_gmt":"2023-07-12T09:49:18","guid":{"rendered":"https:\/\/oceanpanel.org\/?page_id=5037"},"modified":"2023-07-12T09:54:01","modified_gmt":"2023-07-12T09:54:01","slug":"ocean-panel-quiz","status":"publish","type":"page","link":"https:\/\/oceanpanel.org\/es\/ocean-panel-quiz\/","title":{"rendered":"Prueba del panel del oc\u00e9ano"},"content":{"rendered":"<p>\u00bfQu\u00e9 tan bien conoce nuestro impacto en los oc\u00e9anos del mundo?<\/p>","protected":false},"excerpt":{"rendered":"<p>\u00bfQu\u00e9 tan bien conoce nuestro impacto en los oc\u00e9anos del mundo?<\/p>","protected":false},"author":1,"featured_media":5033,"parent":0,"menu_order":0,"comment_status":"closed","ping_status":"closed","template":"","meta":{"_acf_changed":false,"inline_featured_image":false,"footnotes":""},"class_list":["post-5037","page","type-page","status-publish","has-post-thumbnail","hentry"],"acf":[],"yoast_head":"<!-- This site is optimized with the Yoast SEO plugin v25.9 - https:\/\/yoast.com\/wordpress\/plugins\/seo\/ -->\n<title>&quot;Test Your Ocean Knowledge - Take the Ocean Panel Quiz!&quot;<\/title>\n<meta name=\"description\" content=\"Test your knowledge with the Ocean Panel Quiz! Discover how our actions impact the world\u2019s oceans and learn more about marine conservation. Join now!\" \/>\n<meta name=\"robots\" content=\"index, follow, max-snippet:-1, max-image-preview:large, max-video-preview:-1\" \/>\n<link rel=\"canonical\" href=\"https:\/\/oceanpanel.org\/es\/ocean-panel-quiz\/\" \/>\n<meta property=\"og:locale\" content=\"es_ES\" \/>\n<meta property=\"og:type\" content=\"article\" \/>\n<meta property=\"og:title\" content=\"&quot;Test Your Ocean Knowledge - Take the Ocean Panel Quiz!&quot;\" \/>\n<meta property=\"og:description\" content=\"Test your knowledge with the Ocean Panel Quiz! Discover how our actions impact the world\u2019s oceans and learn more about marine conservation. Join now!\" \/>\n<meta property=\"og:url\" content=\"https:\/\/oceanpanel.org\/es\/ocean-panel-quiz\/\" \/>\n<meta property=\"og:site_name\" content=\"Ocean Panel\" \/>\n<meta property=\"article:modified_time\" content=\"2023-07-12T09:54:01+00:00\" \/>\n<meta property=\"og:image\" content=\"https:\/\/oceanpanel.org\/wp-content\/uploads\/2023\/07\/AdobeStock_119635298_Preview-1-1024x583.jpg\" \/>\n\t<meta property=\"og:image:width\" content=\"1024\" \/>\n\t<meta property=\"og:image:height\" content=\"583\" \/>\n\t<meta property=\"og:image:type\" content=\"image\/jpeg\" \/>\n<meta name=\"twitter:card\" content=\"summary_large_image\" \/>\n<meta name=\"twitter:image\" content=\"https:\/\/oceanpanel.org\/wp-content\/themes\/wrioceanpanel\/images\/Twitter-Social.jpg\" \/>\n<meta name=\"twitter:label1\" content=\"Est. reading time\" \/>\n\t<meta name=\"twitter:data1\" content=\"1 minute\" \/>\n<script type=\"application\/ld+json\" class=\"yoast-schema-graph\">{\"@context\":\"https:\/\/schema.org\",\"@graph\":[{\"@type\":\"WebPage\",\"@id\":\"https:\/\/oceanpanel.org\/ocean-panel-quiz\/\",\"url\":\"https:\/\/oceanpanel.org\/ocean-panel-quiz\/\",\"name\":\"\\\"Test Your Ocean Knowledge - Take the Ocean Panel Quiz!\\\"\",\"isPartOf\":{\"@id\":\"https:\/\/oceanpanel.org\/zh\/#website\"},\"primaryImageOfPage\":{\"@id\":\"https:\/\/oceanpanel.org\/ocean-panel-quiz\/#primaryimage\"},\"image\":{\"@id\":\"https:\/\/oceanpanel.org\/ocean-panel-quiz\/#primaryimage\"},\"thumbnailUrl\":\"https:\/\/oceanpanel.org\/wp-content\/uploads\/2023\/07\/AdobeStock_119635298_Preview-1.jpg\",\"datePublished\":\"2023-07-12T09:49:18+00:00\",\"dateModified\":\"2023-07-12T09:54:01+00:00\",\"description\":\"Test your knowledge with the Ocean Panel Quiz! Discover how our actions impact the world\u2019s oceans and learn more about marine conservation. Join now!\",\"breadcrumb\":{\"@id\":\"https:\/\/oceanpanel.org\/ocean-panel-quiz\/#breadcrumb\"},\"inLanguage\":\"es-ES\",\"potentialAction\":[{\"@type\":\"ReadAction\",\"target\":[\"https:\/\/oceanpanel.org\/ocean-panel-quiz\/\"]}]},{\"@type\":\"ImageObject\",\"inLanguage\":\"es-ES\",\"@id\":\"https:\/\/oceanpanel.org\/ocean-panel-quiz\/#primaryimage\",\"url\":\"https:\/\/oceanpanel.org\/wp-content\/uploads\/2023\/07\/AdobeStock_119635298_Preview-1.jpg\",\"contentUrl\":\"https:\/\/oceanpanel.org\/wp-content\/uploads\/2023\/07\/AdobeStock_119635298_Preview-1.jpg\",\"width\":1879,\"height\":1069,\"caption\":\"A vibrant underwater scene featuring a colorful coral reef with various shapes and textures, surrounded by a school of small fish swimming in clear blue water.\"},{\"@type\":\"BreadcrumbList\",\"@id\":\"https:\/\/oceanpanel.org\/ocean-panel-quiz\/#breadcrumb\",\"itemListElement\":[{\"@type\":\"ListItem\",\"position\":1,\"name\":\"Home\",\"item\":\"https:\/\/oceanpanel.org\/es\/\"},{\"@type\":\"ListItem\",\"position\":2,\"name\":\"Ocean Panel Quiz\"}]},{\"@type\":\"WebSite\",\"@id\":\"https:\/\/oceanpanel.org\/zh\/#website\",\"url\":\"https:\/\/oceanpanel.org\/zh\/\",\"name\":\"Ocean Panel\",\"description\":\"High level panel for a sustainable ocean economy\",\"publisher\":{\"@id\":\"https:\/\/oceanpanel.org\/zh\/#organization\"},\"potentialAction\":[{\"@type\":\"SearchAction\",\"target\":{\"@type\":\"EntryPoint\",\"urlTemplate\":\"https:\/\/oceanpanel.org\/zh\/?s={search_term_string}\"},\"query-input\":{\"@type\":\"PropertyValueSpecification\",\"valueRequired\":true,\"valueName\":\"search_term_string\"}}],\"inLanguage\":\"es-ES\"},{\"@type\":\"Organization\",\"@id\":\"https:\/\/oceanpanel.org\/zh\/#organization\",\"name\":\"Ocean Panel\",\"url\":\"https:\/\/oceanpanel.org\/zh\/\",\"logo\":{\"@type\":\"ImageObject\",\"inLanguage\":\"es-ES\",\"@id\":\"https:\/\/oceanpanel.org\/zh\/#\/schema\/logo\/image\/\",\"url\":\"https:\/\/oceanpanel.org\/wp-content\/uploads\/2024\/02\/logo-2.svg\",\"contentUrl\":\"https:\/\/oceanpanel.org\/wp-content\/uploads\/2024\/02\/logo-2.svg\",\"width\":278,\"height\":84,\"caption\":\"Ocean Panel\"},\"image\":{\"@id\":\"https:\/\/oceanpanel.org\/zh\/#\/schema\/logo\/image\/\"}}]}<\/script>\n<!-- \/ Yoast SEO plugin. -->","yoast_head_json":{"title":"\"Test Your Ocean Knowledge - Take the Ocean Panel Quiz!\"","description":"Test your knowledge with the Ocean Panel Quiz! Discover how our actions impact the world\u2019s oceans and learn more about marine conservation. Join now!","robots":{"index":"index","follow":"follow","max-snippet":"max-snippet:-1","max-image-preview":"max-image-preview:large","max-video-preview":"max-video-preview:-1"},"canonical":"https:\/\/oceanpanel.org\/es\/ocean-panel-quiz\/","og_locale":"es_ES","og_type":"article","og_title":"\"Test Your Ocean Knowledge - Take the Ocean Panel Quiz!\"","og_description":"Test your knowledge with the Ocean Panel Quiz! Discover how our actions impact the world\u2019s oceans and learn more about marine conservation. Join now!","og_url":"https:\/\/oceanpanel.org\/es\/ocean-panel-quiz\/","og_site_name":"Ocean Panel","article_modified_time":"2023-07-12T09:54:01+00:00","og_image":[{"width":1024,"height":583,"url":"https:\/\/oceanpanel.org\/wp-content\/uploads\/2023\/07\/AdobeStock_119635298_Preview-1-1024x583.jpg","type":"image\/jpeg"}],"twitter_card":"summary_large_image","twitter_image":"https:\/\/oceanpanel.org\/wp-content\/themes\/wrioceanpanel\/images\/Twitter-Social.jpg","twitter_misc":{"Est. reading time":"1 minute"},"schema":{"@context":"https:\/\/schema.org","@graph":[{"@type":"WebPage","@id":"https:\/\/oceanpanel.org\/ocean-panel-quiz\/","url":"https:\/\/oceanpanel.org\/ocean-panel-quiz\/","name":"\"Test Your Ocean Knowledge - Take the Ocean Panel Quiz!\"","isPartOf":{"@id":"https:\/\/oceanpanel.org\/zh\/#website"},"primaryImageOfPage":{"@id":"https:\/\/oceanpanel.org\/ocean-panel-quiz\/#primaryimage"},"image":{"@id":"https:\/\/oceanpanel.org\/ocean-panel-quiz\/#primaryimage"},"thumbnailUrl":"https:\/\/oceanpanel.org\/wp-content\/uploads\/2023\/07\/AdobeStock_119635298_Preview-1.jpg","datePublished":"2023-07-12T09:49:18+00:00","dateModified":"2023-07-12T09:54:01+00:00","description":"Test your knowledge with the Ocean Panel Quiz! Discover how our actions impact the world\u2019s oceans and learn more about marine conservation. Join now!","breadcrumb":{"@id":"https:\/\/oceanpanel.org\/ocean-panel-quiz\/#breadcrumb"},"inLanguage":"es-ES","potentialAction":[{"@type":"ReadAction","target":["https:\/\/oceanpanel.org\/ocean-panel-quiz\/"]}]},{"@type":"ImageObject","inLanguage":"es-ES","@id":"https:\/\/oceanpanel.org\/ocean-panel-quiz\/#primaryimage","url":"https:\/\/oceanpanel.org\/wp-content\/uploads\/2023\/07\/AdobeStock_119635298_Preview-1.jpg","contentUrl":"https:\/\/oceanpanel.org\/wp-content\/uploads\/2023\/07\/AdobeStock_119635298_Preview-1.jpg","width":1879,"height":1069,"caption":"A vibrant underwater scene featuring a colorful coral reef with various shapes and textures, surrounded by a school of small fish swimming in clear blue water."},{"@type":"BreadcrumbList","@id":"https:\/\/oceanpanel.org\/ocean-panel-quiz\/#breadcrumb","itemListElement":[{"@type":"ListItem","position":1,"name":"Home","item":"https:\/\/oceanpanel.org\/es\/"},{"@type":"ListItem","position":2,"name":"Ocean Panel Quiz"}]},{"@type":"WebSite","@id":"https:\/\/oceanpanel.org\/zh\/#website","url":"https:\/\/oceanpanel.org\/zh\/","name":"Panel del oc\u00e9ano","description":"Panel de alto nivel para una econom\u00eda oce\u00e1nica sostenible","publisher":{"@id":"https:\/\/oceanpanel.org\/zh\/#organization"},"potentialAction":[{"@type":"SearchAction","target":{"@type":"EntryPoint","urlTemplate":"https:\/\/oceanpanel.org\/zh\/?s={search_term_string}"},"query-input":{"@type":"PropertyValueSpecification","valueRequired":true,"valueName":"search_term_string"}}],"inLanguage":"es-ES"},{"@type":"Organization","@id":"https:\/\/oceanpanel.org\/zh\/#organization","name":"Panel del oc\u00e9ano","url":"https:\/\/oceanpanel.org\/zh\/","logo":{"@type":"ImageObject","inLanguage":"es-ES","@id":"https:\/\/oceanpanel.org\/zh\/#\/schema\/logo\/image\/","url":"https:\/\/oceanpanel.org\/wp-content\/uploads\/2024\/02\/logo-2.svg","contentUrl":"https:\/\/oceanpanel.org\/wp-content\/uploads\/2024\/02\/logo-2.svg","width":278,"height":84,"caption":"Ocean Panel"},"image":{"@id":"https:\/\/oceanpanel.org\/zh\/#\/schema\/logo\/image\/"}}]}},"_links":{"self":[{"href":"https:\/\/oceanpanel.org\/es\/wp-json\/wp\/v2\/pages\/5037","targetHints":{"allow":["GET"]}}],"collection":[{"href":"https:\/\/oceanpanel.org\/es\/wp-json\/wp\/v2\/pages"}],"about":[{"href":"https:\/\/oceanpanel.org\/es\/wp-json\/wp\/v2\/types\/page"}],"author":[{"embeddable":true,"href":"https:\/\/oceanpanel.org\/es\/wp-json\/wp\/v2\/users\/1"}],"replies":[{"embeddable":true,"href":"https:\/\/oceanpanel.org\/es\/wp-json\/wp\/v2\/comments?post=5037"}],"version-history":[{"count":1,"href":"https:\/\/oceanpanel.org\/es\/wp-json\/wp\/v2\/pages\/5037\/revisions"}],"predecessor-version":[{"id":5038,"href":"https:\/\/oceanpanel.org\/es\/wp-json\/wp\/v2\/pages\/5037\/revisions\/5038"}],"wp:featuredmedia":[{"embeddable":true,"href":"https:\/\/oceanpanel.org\/es\/wp-json\/wp\/v2\/media\/5033"}],"wp:attachment":[{"href":"https:\/\/oceanpanel.org\/es\/wp-json\/wp\/v2\/media?parent=5037"}],"curies":[{"name":"wp","href":"https:\/\/api.w.org\/{rel}","templated":true}]}}