{"id":4724,"date":"2022-11-04T18:53:43","date_gmt":"2022-11-04T18:53:43","guid":{"rendered":"https:\/\/oceanpanel.org\/?page_id=4724"},"modified":"2022-11-05T08:05:08","modified_gmt":"2022-11-05T08:05:08","slug":"action-impact","status":"publish","type":"page","link":"https:\/\/oceanpanel.org\/es\/action-impact\/","title":{"rendered":"Acci\u00f3n e impacto"},"content":{"rendered":"","protected":false},"excerpt":{"rendered":"","protected":false},"author":1,"featured_media":4749,"parent":0,"menu_order":0,"comment_status":"closed","ping_status":"closed","template":"","meta":{"_acf_changed":false,"inline_featured_image":false,"footnotes":""},"class_list":["post-4724","page","type-page","status-publish","has-post-thumbnail","hentry"],"acf":[],"yoast_head":"<!-- This site is optimized with the Yoast SEO plugin v25.9 - https:\/\/yoast.com\/wordpress\/plugins\/seo\/ -->\n<title>&quot;Driving Action &amp; Impact for Ocean Conservation - Ocean Panel&quot;<\/title>\n<meta name=\"description\" content=\"Discover the power of action and its impact on your life. Explore transformative strategies that drive results and inspire change. Join the journey today!\" \/>\n<meta name=\"robots\" content=\"index, follow, max-snippet:-1, max-image-preview:large, max-video-preview:-1\" \/>\n<link rel=\"canonical\" href=\"https:\/\/oceanpanel.org\/es\/action-impact\/\" \/>\n<meta property=\"og:locale\" content=\"es_ES\" \/>\n<meta property=\"og:type\" content=\"article\" \/>\n<meta property=\"og:title\" content=\"&quot;Driving Action &amp; Impact for Ocean Conservation - Ocean Panel&quot;\" \/>\n<meta property=\"og:description\" content=\"Discover the power of action and its impact on your life. Explore transformative strategies that drive results and inspire change. Join the journey today!\" \/>\n<meta property=\"og:url\" content=\"https:\/\/oceanpanel.org\/es\/action-impact\/\" \/>\n<meta property=\"og:site_name\" content=\"Ocean Panel\" \/>\n<meta property=\"article:modified_time\" content=\"2022-11-05T08:05:08+00:00\" \/>\n<meta property=\"og:image\" content=\"https:\/\/oceanpanel.org\/wp-content\/uploads\/2022\/11\/fish2-scaled-1.jpeg\" \/>\n\t<meta property=\"og:image:width\" content=\"2560\" \/>\n\t<meta property=\"og:image:height\" content=\"1461\" \/>\n\t<meta property=\"og:image:type\" content=\"image\/jpeg\" \/>\n<meta name=\"twitter:card\" content=\"summary_large_image\" \/>\n<meta name=\"twitter:image\" content=\"https:\/\/oceanpanel.org\/wp-content\/themes\/wrioceanpanel\/images\/Twitter-Social.jpg\" \/>\n<script type=\"application\/ld+json\" class=\"yoast-schema-graph\">{\"@context\":\"https:\/\/schema.org\",\"@graph\":[{\"@type\":\"WebPage\",\"@id\":\"https:\/\/oceanpanel.org\/action-impact\/\",\"url\":\"https:\/\/oceanpanel.org\/action-impact\/\",\"name\":\"\\\"Driving Action & Impact for Ocean Conservation - Ocean Panel\\\"\",\"isPartOf\":{\"@id\":\"https:\/\/oceanpanel.org\/zh\/#website\"},\"primaryImageOfPage\":{\"@id\":\"https:\/\/oceanpanel.org\/action-impact\/#primaryimage\"},\"image\":{\"@id\":\"https:\/\/oceanpanel.org\/action-impact\/#primaryimage\"},\"thumbnailUrl\":\"https:\/\/oceanpanel.org\/wp-content\/uploads\/2022\/11\/fish2-scaled-1.jpeg\",\"datePublished\":\"2022-11-04T18:53:43+00:00\",\"dateModified\":\"2022-11-05T08:05:08+00:00\",\"description\":\"Discover the power of action and its impact on your life. Explore transformative strategies that drive results and inspire change. Join the journey today!\",\"breadcrumb\":{\"@id\":\"https:\/\/oceanpanel.org\/action-impact\/#breadcrumb\"},\"inLanguage\":\"es-ES\",\"potentialAction\":[{\"@type\":\"ReadAction\",\"target\":[\"https:\/\/oceanpanel.org\/action-impact\/\"]}]},{\"@type\":\"ImageObject\",\"inLanguage\":\"es-ES\",\"@id\":\"https:\/\/oceanpanel.org\/action-impact\/#primaryimage\",\"url\":\"https:\/\/oceanpanel.org\/wp-content\/uploads\/2022\/11\/fish2-scaled-1.jpeg\",\"contentUrl\":\"https:\/\/oceanpanel.org\/wp-content\/uploads\/2022\/11\/fish2-scaled-1.jpeg\",\"width\":2560,\"height\":1461,\"caption\":\"A large whale shark swims gracefully through a vibrant blue ocean, surrounded by various smaller fish, including yellow and black species, creating a lively underwater scene.\"},{\"@type\":\"BreadcrumbList\",\"@id\":\"https:\/\/oceanpanel.org\/action-impact\/#breadcrumb\",\"itemListElement\":[{\"@type\":\"ListItem\",\"position\":1,\"name\":\"Home\",\"item\":\"https:\/\/oceanpanel.org\/es\/\"},{\"@type\":\"ListItem\",\"position\":2,\"name\":\"Action &#038; Impact\"}]},{\"@type\":\"WebSite\",\"@id\":\"https:\/\/oceanpanel.org\/zh\/#website\",\"url\":\"https:\/\/oceanpanel.org\/zh\/\",\"name\":\"Ocean Panel\",\"description\":\"High level panel for a sustainable ocean economy\",\"publisher\":{\"@id\":\"https:\/\/oceanpanel.org\/zh\/#organization\"},\"potentialAction\":[{\"@type\":\"SearchAction\",\"target\":{\"@type\":\"EntryPoint\",\"urlTemplate\":\"https:\/\/oceanpanel.org\/zh\/?s={search_term_string}\"},\"query-input\":{\"@type\":\"PropertyValueSpecification\",\"valueRequired\":true,\"valueName\":\"search_term_string\"}}],\"inLanguage\":\"es-ES\"},{\"@type\":\"Organization\",\"@id\":\"https:\/\/oceanpanel.org\/zh\/#organization\",\"name\":\"Ocean Panel\",\"url\":\"https:\/\/oceanpanel.org\/zh\/\",\"logo\":{\"@type\":\"ImageObject\",\"inLanguage\":\"es-ES\",\"@id\":\"https:\/\/oceanpanel.org\/zh\/#\/schema\/logo\/image\/\",\"url\":\"https:\/\/oceanpanel.org\/wp-content\/uploads\/2024\/02\/logo-2.svg\",\"contentUrl\":\"https:\/\/oceanpanel.org\/wp-content\/uploads\/2024\/02\/logo-2.svg\",\"width\":278,\"height\":84,\"caption\":\"Ocean Panel\"},\"image\":{\"@id\":\"https:\/\/oceanpanel.org\/zh\/#\/schema\/logo\/image\/\"}}]}<\/script>\n<!-- \/ Yoast SEO plugin. -->","yoast_head_json":{"title":"\"Driving Action & Impact for Ocean Conservation - Ocean Panel\"","description":"Discover the power of action and its impact on your life. Explore transformative strategies that drive results and inspire change. Join the journey today!","robots":{"index":"index","follow":"follow","max-snippet":"max-snippet:-1","max-image-preview":"max-image-preview:large","max-video-preview":"max-video-preview:-1"},"canonical":"https:\/\/oceanpanel.org\/es\/action-impact\/","og_locale":"es_ES","og_type":"article","og_title":"\"Driving Action & Impact for Ocean Conservation - Ocean Panel\"","og_description":"Discover the power of action and its impact on your life. Explore transformative strategies that drive results and inspire change. Join the journey today!","og_url":"https:\/\/oceanpanel.org\/es\/action-impact\/","og_site_name":"Ocean Panel","article_modified_time":"2022-11-05T08:05:08+00:00","og_image":[{"width":2560,"height":1461,"url":"https:\/\/oceanpanel.org\/wp-content\/uploads\/2022\/11\/fish2-scaled-1.jpeg","type":"image\/jpeg"}],"twitter_card":"summary_large_image","twitter_image":"https:\/\/oceanpanel.org\/wp-content\/themes\/wrioceanpanel\/images\/Twitter-Social.jpg","schema":{"@context":"https:\/\/schema.org","@graph":[{"@type":"WebPage","@id":"https:\/\/oceanpanel.org\/action-impact\/","url":"https:\/\/oceanpanel.org\/action-impact\/","name":"\"Driving Action & Impact for Ocean Conservation - Ocean Panel\"","isPartOf":{"@id":"https:\/\/oceanpanel.org\/zh\/#website"},"primaryImageOfPage":{"@id":"https:\/\/oceanpanel.org\/action-impact\/#primaryimage"},"image":{"@id":"https:\/\/oceanpanel.org\/action-impact\/#primaryimage"},"thumbnailUrl":"https:\/\/oceanpanel.org\/wp-content\/uploads\/2022\/11\/fish2-scaled-1.jpeg","datePublished":"2022-11-04T18:53:43+00:00","dateModified":"2022-11-05T08:05:08+00:00","description":"Discover the power of action and its impact on your life. Explore transformative strategies that drive results and inspire change. Join the journey today!","breadcrumb":{"@id":"https:\/\/oceanpanel.org\/action-impact\/#breadcrumb"},"inLanguage":"es-ES","potentialAction":[{"@type":"ReadAction","target":["https:\/\/oceanpanel.org\/action-impact\/"]}]},{"@type":"ImageObject","inLanguage":"es-ES","@id":"https:\/\/oceanpanel.org\/action-impact\/#primaryimage","url":"https:\/\/oceanpanel.org\/wp-content\/uploads\/2022\/11\/fish2-scaled-1.jpeg","contentUrl":"https:\/\/oceanpanel.org\/wp-content\/uploads\/2022\/11\/fish2-scaled-1.jpeg","width":2560,"height":1461,"caption":"A large whale shark swims gracefully through a vibrant blue ocean, surrounded by various smaller fish, including yellow and black species, creating a lively underwater scene."},{"@type":"BreadcrumbList","@id":"https:\/\/oceanpanel.org\/action-impact\/#breadcrumb","itemListElement":[{"@type":"ListItem","position":1,"name":"Home","item":"https:\/\/oceanpanel.org\/es\/"},{"@type":"ListItem","position":2,"name":"Action &#038; Impact"}]},{"@type":"WebSite","@id":"https:\/\/oceanpanel.org\/zh\/#website","url":"https:\/\/oceanpanel.org\/zh\/","name":"Panel del oc\u00e9ano","description":"Panel de alto nivel para una econom\u00eda oce\u00e1nica sostenible","publisher":{"@id":"https:\/\/oceanpanel.org\/zh\/#organization"},"potentialAction":[{"@type":"SearchAction","target":{"@type":"EntryPoint","urlTemplate":"https:\/\/oceanpanel.org\/zh\/?s={search_term_string}"},"query-input":{"@type":"PropertyValueSpecification","valueRequired":true,"valueName":"search_term_string"}}],"inLanguage":"es-ES"},{"@type":"Organization","@id":"https:\/\/oceanpanel.org\/zh\/#organization","name":"Panel del oc\u00e9ano","url":"https:\/\/oceanpanel.org\/zh\/","logo":{"@type":"ImageObject","inLanguage":"es-ES","@id":"https:\/\/oceanpanel.org\/zh\/#\/schema\/logo\/image\/","url":"https:\/\/oceanpanel.org\/wp-content\/uploads\/2024\/02\/logo-2.svg","contentUrl":"https:\/\/oceanpanel.org\/wp-content\/uploads\/2024\/02\/logo-2.svg","width":278,"height":84,"caption":"Ocean Panel"},"image":{"@id":"https:\/\/oceanpanel.org\/zh\/#\/schema\/logo\/image\/"}}]}},"_links":{"self":[{"href":"https:\/\/oceanpanel.org\/es\/wp-json\/wp\/v2\/pages\/4724","targetHints":{"allow":["GET"]}}],"collection":[{"href":"https:\/\/oceanpanel.org\/es\/wp-json\/wp\/v2\/pages"}],"about":[{"href":"https:\/\/oceanpanel.org\/es\/wp-json\/wp\/v2\/types\/page"}],"author":[{"embeddable":true,"href":"https:\/\/oceanpanel.org\/es\/wp-json\/wp\/v2\/users\/1"}],"replies":[{"embeddable":true,"href":"https:\/\/oceanpanel.org\/es\/wp-json\/wp\/v2\/comments?post=4724"}],"version-history":[{"count":5,"href":"https:\/\/oceanpanel.org\/es\/wp-json\/wp\/v2\/pages\/4724\/revisions"}],"predecessor-version":[{"id":4794,"href":"https:\/\/oceanpanel.org\/es\/wp-json\/wp\/v2\/pages\/4724\/revisions\/4794"}],"wp:featuredmedia":[{"embeddable":true,"href":"https:\/\/oceanpanel.org\/es\/wp-json\/wp\/v2\/media\/4749"}],"wp:attachment":[{"href":"https:\/\/oceanpanel.org\/es\/wp-json\/wp\/v2\/media?parent=4724"}],"curies":[{"name":"wp","href":"https:\/\/api.w.org\/{rel}","templated":true}]}}