{"id":435,"date":"2022-05-13T19:20:41","date_gmt":"2022-05-13T19:20:41","guid":{"rendered":"https:\/\/oceanpanel.org\/?page_id=435"},"modified":"2022-10-30T12:37:44","modified_gmt":"2022-10-30T12:37:44","slug":"ocean-health","status":"publish","type":"page","link":"https:\/\/oceanpanel.org\/es\/the-agenda\/ocean-health\/","title":{"rendered":"Salud del oc\u00e9ano"},"content":{"rendered":"","protected":false},"excerpt":{"rendered":"","protected":false},"author":2,"featured_media":3315,"parent":371,"menu_order":0,"comment_status":"closed","ping_status":"closed","template":"the-agenda-sub.php","meta":{"_acf_changed":false,"inline_featured_image":false,"footnotes":""},"class_list":["post-435","page","type-page","status-publish","has-post-thumbnail","hentry"],"acf":[],"yoast_head":"<!-- This site is optimized with the Yoast SEO plugin v25.9 - https:\/\/yoast.com\/wordpress\/plugins\/seo\/ -->\n<title>&quot;Protecting Ocean Health: Insights and Solutions - Ocean Panel&quot;<\/title>\n<meta name=\"description\" content=\"We need to reduce GHG emissions and pollution, protect marine ecosystems, and take a precautionary approach to economic activity on the ocean floor.\" \/>\n<meta name=\"robots\" content=\"index, follow, max-snippet:-1, max-image-preview:large, max-video-preview:-1\" \/>\n<link rel=\"canonical\" href=\"https:\/\/oceanpanel.org\/es\/the-agenda\/ocean-health\/\" \/>\n<meta property=\"og:locale\" content=\"es_ES\" \/>\n<meta property=\"og:type\" content=\"article\" \/>\n<meta property=\"og:title\" content=\"&quot;Protecting Ocean Health: Insights and Solutions - Ocean Panel&quot;\" \/>\n<meta property=\"og:description\" content=\"We need to reduce GHG emissions and pollution, protect marine ecosystems, and take a precautionary approach to economic activity on the ocean floor.\" \/>\n<meta property=\"og:url\" content=\"https:\/\/oceanpanel.org\/es\/the-agenda\/ocean-health\/\" \/>\n<meta property=\"og:site_name\" content=\"Ocean Panel\" \/>\n<meta property=\"article:modified_time\" content=\"2022-10-30T12:37:44+00:00\" \/>\n<meta property=\"og:image\" content=\"https:\/\/oceanpanel.org\/wp-content\/uploads\/2022\/06\/AdobeStock_240810340-scaled.jpeg\" \/>\n\t<meta property=\"og:image:width\" content=\"2560\" \/>\n\t<meta property=\"og:image:height\" content=\"1707\" \/>\n\t<meta property=\"og:image:type\" content=\"image\/jpeg\" \/>\n<meta name=\"twitter:card\" content=\"summary_large_image\" \/>\n<meta name=\"twitter:image\" content=\"https:\/\/oceanpanel.org\/wp-content\/themes\/wrioceanpanel\/images\/Twitter-Social.jpg\" \/>\n<script type=\"application\/ld+json\" class=\"yoast-schema-graph\">{\"@context\":\"https:\/\/schema.org\",\"@graph\":[{\"@type\":\"WebPage\",\"@id\":\"https:\/\/oceanpanel.org\/the-agenda\/ocean-health\/\",\"url\":\"https:\/\/oceanpanel.org\/the-agenda\/ocean-health\/\",\"name\":\"\\\"Protecting Ocean Health: Insights and Solutions - Ocean Panel\\\"\",\"isPartOf\":{\"@id\":\"https:\/\/oceanpanel.org\/zh\/#website\"},\"primaryImageOfPage\":{\"@id\":\"https:\/\/oceanpanel.org\/the-agenda\/ocean-health\/#primaryimage\"},\"image\":{\"@id\":\"https:\/\/oceanpanel.org\/the-agenda\/ocean-health\/#primaryimage\"},\"thumbnailUrl\":\"https:\/\/oceanpanel.org\/wp-content\/uploads\/2022\/06\/AdobeStock_240810340-scaled.jpeg\",\"datePublished\":\"2022-05-13T19:20:41+00:00\",\"dateModified\":\"2022-10-30T12:37:44+00:00\",\"description\":\"We need to reduce GHG emissions and pollution, protect marine ecosystems, and take a precautionary approach to economic activity on the ocean floor.\",\"breadcrumb\":{\"@id\":\"https:\/\/oceanpanel.org\/the-agenda\/ocean-health\/#breadcrumb\"},\"inLanguage\":\"es-ES\",\"potentialAction\":[{\"@type\":\"ReadAction\",\"target\":[\"https:\/\/oceanpanel.org\/the-agenda\/ocean-health\/\"]}]},{\"@type\":\"ImageObject\",\"inLanguage\":\"es-ES\",\"@id\":\"https:\/\/oceanpanel.org\/the-agenda\/ocean-health\/#primaryimage\",\"url\":\"https:\/\/oceanpanel.org\/wp-content\/uploads\/2022\/06\/AdobeStock_240810340-scaled.jpeg\",\"contentUrl\":\"https:\/\/oceanpanel.org\/wp-content\/uploads\/2022\/06\/AdobeStock_240810340-scaled.jpeg\",\"width\":2560,\"height\":1707,\"caption\":\"Water Environmental Pollution Plastic Problem Underwater animal\"},{\"@type\":\"BreadcrumbList\",\"@id\":\"https:\/\/oceanpanel.org\/the-agenda\/ocean-health\/#breadcrumb\",\"itemListElement\":[{\"@type\":\"ListItem\",\"position\":1,\"name\":\"Home\",\"item\":\"https:\/\/oceanpanel.org\/es\/\"},{\"@type\":\"ListItem\",\"position\":2,\"name\":\"The Agenda\",\"item\":\"https:\/\/oceanpanel.org\/the-agenda\/\"},{\"@type\":\"ListItem\",\"position\":3,\"name\":\"Ocean Health\"}]},{\"@type\":\"WebSite\",\"@id\":\"https:\/\/oceanpanel.org\/zh\/#website\",\"url\":\"https:\/\/oceanpanel.org\/zh\/\",\"name\":\"Ocean Panel\",\"description\":\"High level panel for a sustainable ocean economy\",\"publisher\":{\"@id\":\"https:\/\/oceanpanel.org\/zh\/#organization\"},\"potentialAction\":[{\"@type\":\"SearchAction\",\"target\":{\"@type\":\"EntryPoint\",\"urlTemplate\":\"https:\/\/oceanpanel.org\/zh\/?s={search_term_string}\"},\"query-input\":{\"@type\":\"PropertyValueSpecification\",\"valueRequired\":true,\"valueName\":\"search_term_string\"}}],\"inLanguage\":\"es-ES\"},{\"@type\":\"Organization\",\"@id\":\"https:\/\/oceanpanel.org\/zh\/#organization\",\"name\":\"Ocean Panel\",\"url\":\"https:\/\/oceanpanel.org\/zh\/\",\"logo\":{\"@type\":\"ImageObject\",\"inLanguage\":\"es-ES\",\"@id\":\"https:\/\/oceanpanel.org\/zh\/#\/schema\/logo\/image\/\",\"url\":\"https:\/\/oceanpanel.org\/wp-content\/uploads\/2024\/02\/logo-2.svg\",\"contentUrl\":\"https:\/\/oceanpanel.org\/wp-content\/uploads\/2024\/02\/logo-2.svg\",\"width\":278,\"height\":84,\"caption\":\"Ocean Panel\"},\"image\":{\"@id\":\"https:\/\/oceanpanel.org\/zh\/#\/schema\/logo\/image\/\"}}]}<\/script>\n<!-- \/ Yoast SEO plugin. -->","yoast_head_json":{"title":"\"Protecting Ocean Health: Insights and Solutions - Ocean Panel\"","description":"We need to reduce GHG emissions and pollution, protect marine ecosystems, and take a precautionary approach to economic activity on the ocean floor.","robots":{"index":"index","follow":"follow","max-snippet":"max-snippet:-1","max-image-preview":"max-image-preview:large","max-video-preview":"max-video-preview:-1"},"canonical":"https:\/\/oceanpanel.org\/es\/the-agenda\/ocean-health\/","og_locale":"es_ES","og_type":"article","og_title":"\"Protecting Ocean Health: Insights and Solutions - Ocean Panel\"","og_description":"We need to reduce GHG emissions and pollution, protect marine ecosystems, and take a precautionary approach to economic activity on the ocean floor.","og_url":"https:\/\/oceanpanel.org\/es\/the-agenda\/ocean-health\/","og_site_name":"Ocean Panel","article_modified_time":"2022-10-30T12:37:44+00:00","og_image":[{"width":2560,"height":1707,"url":"https:\/\/oceanpanel.org\/wp-content\/uploads\/2022\/06\/AdobeStock_240810340-scaled.jpeg","type":"image\/jpeg"}],"twitter_card":"summary_large_image","twitter_image":"https:\/\/oceanpanel.org\/wp-content\/themes\/wrioceanpanel\/images\/Twitter-Social.jpg","schema":{"@context":"https:\/\/schema.org","@graph":[{"@type":"WebPage","@id":"https:\/\/oceanpanel.org\/the-agenda\/ocean-health\/","url":"https:\/\/oceanpanel.org\/the-agenda\/ocean-health\/","name":"\"Protecting Ocean Health: Insights and Solutions - Ocean Panel\"","isPartOf":{"@id":"https:\/\/oceanpanel.org\/zh\/#website"},"primaryImageOfPage":{"@id":"https:\/\/oceanpanel.org\/the-agenda\/ocean-health\/#primaryimage"},"image":{"@id":"https:\/\/oceanpanel.org\/the-agenda\/ocean-health\/#primaryimage"},"thumbnailUrl":"https:\/\/oceanpanel.org\/wp-content\/uploads\/2022\/06\/AdobeStock_240810340-scaled.jpeg","datePublished":"2022-05-13T19:20:41+00:00","dateModified":"2022-10-30T12:37:44+00:00","description":"We need to reduce GHG emissions and pollution, protect marine ecosystems, and take a precautionary approach to economic activity on the ocean floor.","breadcrumb":{"@id":"https:\/\/oceanpanel.org\/the-agenda\/ocean-health\/#breadcrumb"},"inLanguage":"es-ES","potentialAction":[{"@type":"ReadAction","target":["https:\/\/oceanpanel.org\/the-agenda\/ocean-health\/"]}]},{"@type":"ImageObject","inLanguage":"es-ES","@id":"https:\/\/oceanpanel.org\/the-agenda\/ocean-health\/#primaryimage","url":"https:\/\/oceanpanel.org\/wp-content\/uploads\/2022\/06\/AdobeStock_240810340-scaled.jpeg","contentUrl":"https:\/\/oceanpanel.org\/wp-content\/uploads\/2022\/06\/AdobeStock_240810340-scaled.jpeg","width":2560,"height":1707,"caption":"Water Environmental Pollution Plastic Problem Underwater animal"},{"@type":"BreadcrumbList","@id":"https:\/\/oceanpanel.org\/the-agenda\/ocean-health\/#breadcrumb","itemListElement":[{"@type":"ListItem","position":1,"name":"Home","item":"https:\/\/oceanpanel.org\/es\/"},{"@type":"ListItem","position":2,"name":"The Agenda","item":"https:\/\/oceanpanel.org\/the-agenda\/"},{"@type":"ListItem","position":3,"name":"Ocean Health"}]},{"@type":"WebSite","@id":"https:\/\/oceanpanel.org\/zh\/#website","url":"https:\/\/oceanpanel.org\/zh\/","name":"Panel del oc\u00e9ano","description":"Panel de alto nivel para una econom\u00eda oce\u00e1nica sostenible","publisher":{"@id":"https:\/\/oceanpanel.org\/zh\/#organization"},"potentialAction":[{"@type":"SearchAction","target":{"@type":"EntryPoint","urlTemplate":"https:\/\/oceanpanel.org\/zh\/?s={search_term_string}"},"query-input":{"@type":"PropertyValueSpecification","valueRequired":true,"valueName":"search_term_string"}}],"inLanguage":"es-ES"},{"@type":"Organization","@id":"https:\/\/oceanpanel.org\/zh\/#organization","name":"Panel del oc\u00e9ano","url":"https:\/\/oceanpanel.org\/zh\/","logo":{"@type":"ImageObject","inLanguage":"es-ES","@id":"https:\/\/oceanpanel.org\/zh\/#\/schema\/logo\/image\/","url":"https:\/\/oceanpanel.org\/wp-content\/uploads\/2024\/02\/logo-2.svg","contentUrl":"https:\/\/oceanpanel.org\/wp-content\/uploads\/2024\/02\/logo-2.svg","width":278,"height":84,"caption":"Ocean Panel"},"image":{"@id":"https:\/\/oceanpanel.org\/zh\/#\/schema\/logo\/image\/"}}]}},"_links":{"self":[{"href":"https:\/\/oceanpanel.org\/es\/wp-json\/wp\/v2\/pages\/435","targetHints":{"allow":["GET"]}}],"collection":[{"href":"https:\/\/oceanpanel.org\/es\/wp-json\/wp\/v2\/pages"}],"about":[{"href":"https:\/\/oceanpanel.org\/es\/wp-json\/wp\/v2\/types\/page"}],"author":[{"embeddable":true,"href":"https:\/\/oceanpanel.org\/es\/wp-json\/wp\/v2\/users\/2"}],"replies":[{"embeddable":true,"href":"https:\/\/oceanpanel.org\/es\/wp-json\/wp\/v2\/comments?post=435"}],"version-history":[{"count":7,"href":"https:\/\/oceanpanel.org\/es\/wp-json\/wp\/v2\/pages\/435\/revisions"}],"predecessor-version":[{"id":2862,"href":"https:\/\/oceanpanel.org\/es\/wp-json\/wp\/v2\/pages\/435\/revisions\/2862"}],"up":[{"embeddable":true,"href":"https:\/\/oceanpanel.org\/es\/wp-json\/wp\/v2\/pages\/371"}],"wp:featuredmedia":[{"embeddable":true,"href":"https:\/\/oceanpanel.org\/es\/wp-json\/wp\/v2\/media\/3315"}],"wp:attachment":[{"href":"https:\/\/oceanpanel.org\/es\/wp-json\/wp\/v2\/media?parent=435"}],"curies":[{"name":"wp","href":"https:\/\/api.w.org\/{rel}","templated":true}]}}